{"id":1331,"date":"2022-10-20T11:42:00","date_gmt":"2022-10-20T11:42:00","guid":{"rendered":"https:\/\/najemstrojev.si\/?page_id=1331"},"modified":"2022-10-20T13:21:03","modified_gmt":"2022-10-20T13:21:03","slug":"pravilnik-2-0","status":"publish","type":"page","link":"https:\/\/najemstrojev.si\/sl\/pravilnik-2-0\/","title":{"rendered":"Pravilnik najema"},"content":{"rendered":"<div data-vc-full-width=\"true\" data-vc-full-width-init=\"false\" data-vc-stretch-content=\"true\" class=\"vc_row wpb_row vc_row-fluid vc_custom_1587143957307 vc_row-has-fill vc_row-no-padding\"><div class=\"wpb_column vc_column_container vc_col-sm-12 vc_col-has-fill\"><div class=\"vc_column-inner vc_custom_1587143972150\"><div class=\"wpb_wrapper\"><\/div><\/div><\/div><\/div><div class=\"vc_row-full-width vc_clearfix\"><\/div><div data-vc-full-width=\"true\" data-vc-full-width-init=\"false\" class=\"vc_row wpb_row vc_row-fluid item-maschine-bg vc_custom_1587299987082 vc_row-has-fill\"><div class=\"wpb_column vc_column_container vc_col-sm-12 vc_col-has-fill\"><div class=\"vc_column-inner vc_custom_1587220950859\"><div class=\"wpb_wrapper\">\n\t<div class=\"wpb_text_column wpb_content_element \" >\n\t\t<div class=\"wpb_wrapper\">\n\t\t\t<h3 class=\"title\" style=\"text-align: center;\">Pravilnik<\/h3>\n\n\t\t<\/div>\n\t<\/div>\n<div class=\"vc_row wpb_row vc_inner vc_row-fluid vc_column-gap-2\"><div class=\"item-maschine wpb_column vc_column_container vc_col-sm-4\"><div class=\"vc_column-inner\"><div class=\"wpb_wrapper\">\n\t<div class=\"wpb_text_column wpb_content_element  vc_custom_1666266353721 title\" >\n\t\t<div class=\"wpb_wrapper\">\n\t\t\t<p style=\"text-align: center;\"><span style=\"font-size: 12pt;\"><strong>Kak\u0161na so obdobja najema?<\/strong><\/span><\/p>\n\n\t\t<\/div>\n\t<\/div>\n<div class=\"vc_message_box vc_message_box-standard vc_message_box-square vc_color-info\" ><div class=\"vc_message_box-icon\"><i class=\"fas fa-info-circle\"><\/i><\/div><ul>\n<li>Minimalni najem dvi\u017enih plo\u0161\u010dadi 3 dni<\/li>\n<li>Cena na teden (5 delovnih dni)\u00a0 &#8211; bagri, valjarji, demperji, tel. vili\u010darji, naklad\u010di<\/li>\n<li>Cena ve\u010d kot 5 dni (delovni)<\/li>\n<li>Cena ve\u010d kot 12 dni (delovni)<\/li>\n<li>Mese\u010dni (od 1.1. do 31.1.)<\/li>\n<\/ul>\n<p>Mo\u017enosti dnevnega najema ni!<br \/>\nMinimalni najem za dvi\u017ene plo\u0161\u010dadi je 3 dni, za ostale stroje 5 dni.<\/p>\n<\/div><\/div><\/div><\/div><div class=\"item-maschine wpb_column vc_column_container vc_col-sm-4\"><div class=\"vc_column-inner\"><div class=\"wpb_wrapper\">\n\t<div class=\"wpb_text_column wpb_content_element  vc_custom_1666269411293 title\" >\n\t\t<div class=\"wpb_wrapper\">\n\t\t\t<p style=\"text-align: center;\"><span style=\"font-size: 12pt;\"><strong>KAJ POTREBUJEM ZA NAJEM?<\/strong><\/span><\/p>\n\n\t\t<\/div>\n\t<\/div>\n<div class=\"vc_message_box vc_message_box-standard vc_message_box-rounded vc_color-info\" ><div class=\"vc_message_box-icon\"><i class=\"fas fa-info-circle\"><\/i><\/div><ul>\n<li>\u00a0Znesek najema z DDV-jem, zavarovanje in prevoz. Pla\u010dilo mo\u017eno z kartico ali gotovino za \u010dasovno obdobje, ki je dolo\u010deno v predra\u010dunu<\/li>\n<li>Podpisana pogodba<\/li>\n<li>Var\u0161\u010dina (najmanj 300 \u20ac \u2013 za majhne stroje)<\/li>\n<\/ul>\n<\/div><\/div><\/div><\/div><div class=\"wpb_column vc_column_container vc_col-sm-4\"><div class=\"vc_column-inner\"><div class=\"wpb_wrapper\">\n\t<div class=\"wpb_text_column wpb_content_element  vc_custom_1666269337103 title\" >\n\t\t<div class=\"wpb_wrapper\">\n\t\t\t<p style=\"text-align: center;\"><span style=\"font-size: 12pt;\"><strong>KAKO SE RA\u010cUNAJO NAJEMNINE?<\/strong><\/span><\/p>\n\n\t\t<\/div>\n\t<\/div>\n<div class=\"vc_message_box vc_message_box-standard vc_message_box-square vc_color-info\" ><div class=\"vc_message_box-icon\"><i class=\"fas fa-info-circle\"><\/i><\/div><ul>\n<li>Najemnina stroja + 22%ddv<\/li>\n<li>Zavarovanje stroja je odvisna glede na velikost stroja +22%<\/li>\n<li>Var\u0161\u010dina za stroj (minimalno 300\u20ac)<\/li>\n<li>Prevoz po \u017eelji naro\u010dnika + 22%<\/li>\n<\/ul>\n<p>PRIMER:<br \/>\nMini bager 1,5 tone:<br \/>\nNAJEM: 5&#215;90\u20ac =450\u20ac +ddv<br \/>\nZAVAROVANJE 5&#215;2\u20ac =10\u20ac+ddv<br \/>\nVAR\u0160\u010cINA = 300\u20ac<br \/>\nPREVOZ (\u0160entrupert &#8211; Celje &#8211; \u0160entrupert) 2x 60\u20ac =120\u20ac +ddv<\/p>\n<\/div><\/div><\/div><\/div><\/div><div class=\"vc_row wpb_row vc_inner vc_row-fluid\"><div class=\"item-maschine wpb_column vc_column_container vc_col-sm-4\"><div class=\"vc_column-inner\"><div class=\"wpb_wrapper\">\n\t<div class=\"wpb_text_column wpb_content_element  vc_custom_1666269176739 title\" >\n\t\t<div class=\"wpb_wrapper\">\n\t\t\t<p style=\"text-align: center;\"><strong><span style=\"font-size: 12pt;\">KAKO JE Z GORIVOM?<\/span><\/strong><\/p>\n\n\t\t<\/div>\n\t<\/div>\n<div class=\"vc_message_box vc_message_box-standard vc_message_box-square vc_color-info\" ><div class=\"vc_message_box-icon\"><i class=\"fas fa-info-circle\"><\/i><\/div><p>Ob najemu stroja prejmete primopredajni zapisnik, kjer je zabele\u017een nivo goriva. Ob koncu najema mora biti goriva kot pred za\u010detkom najema.<\/p>\n<p><span data-sheets-value=\"{&quot;1&quot;:2,&quot;2&quot;:&quot;- v primeru vra\u010dila stroja z manj goriva, se razlika pla\u010da 3-kratnik cene goriva na dan vrnitve stroja na liter,&quot;}\" data-sheets-userformat=\"{&quot;2&quot;:13057,&quot;3&quot;:{&quot;1&quot;:0},&quot;11&quot;:4,&quot;12&quot;:0,&quot;15&quot;:&quot;Tahoma&quot;,&quot;16&quot;:11}\" data-sheets-textstyleruns=\"{&quot;1&quot;:0}\uee10{&quot;1&quot;:2,&quot;2&quot;:{&quot;2&quot;:{&quot;1&quot;:2,&quot;2&quot;:16711680},&quot;5&quot;:1}}\">V primeru vra\u010dila stroja z manj goriva, se razlika pla\u010da 3-kratnik cene goriva na dan vrnitve stroja na liter.<\/span><\/p>\n<\/div><\/div><\/div><\/div><div class=\"item-maschine wpb_column vc_column_container vc_col-sm-4\"><div class=\"vc_column-inner\"><div class=\"wpb_wrapper\">\n\t<div class=\"wpb_text_column wpb_content_element  vc_custom_1666269278635 title\" >\n\t\t<div class=\"wpb_wrapper\">\n\t\t\t<p style=\"text-align: center;\"><strong><span style=\"font-size: 12pt;\">KAKO JE Z ZAVAROVANJEM?<\/span><\/strong><\/p>\n\n\t\t<\/div>\n\t<\/div>\n<div class=\"vc_message_box vc_message_box-standard vc_message_box-rounded vc_color-info\" ><div class=\"vc_message_box-icon\"><i class=\"fas fa-info-circle\"><\/i><\/div><p>Stroji so zavarovani pri zavarovalnici SAVA pod njihovimi pogoji.\u00a0 Pogoji zavarovanja so navedeni na najemni pogodbi.<\/p>\n<\/div><\/div><\/div><\/div><div class=\"wpb_column vc_column_container vc_col-sm-4\"><div class=\"vc_column-inner\"><div class=\"wpb_wrapper\">\n\t<div class=\"wpb_text_column wpb_content_element  vc_custom_1666269316685 title\" >\n\t\t<div class=\"wpb_wrapper\">\n\t\t\t<p style=\"text-align: center;\"><strong><span style=\"font-size: 12pt;\">KAKO VRNEM STROJ?<\/span><\/strong><\/p>\n\n\t\t<\/div>\n\t<\/div>\n<div class=\"vc_message_box vc_message_box-standard vc_message_box-rounded vc_color-info\" ><div class=\"vc_message_box-icon\"><i class=\"fas fa-info-circle\"><\/i><\/div><p>Stroj mora biti \u010dist, z enakim nivojem goriva kot pri dobavi, in se vrne nepo\u0161kodovano. Stro\u0161ki \u010di\u0161\u010denja so obra\u010dunani med 30 in 60\u20ac +ddv.<\/p>\n<\/div><\/div><\/div><\/div><\/div><\/div><\/div><\/div><\/div><div class=\"vc_row-full-width vc_clearfix\"><\/div>\n","protected":false},"excerpt":{"rendered":"Pravilnik Kak\u0161na so obdobja najema? Minimalni najem dvi\u017enih plo\u0161\u010dadi 3 dni Cena na teden (5 delovnih dni)\u00a0 - bagri, valjarji, demperji, tel. vili\u010darji, naklad\u010di Cena ve\u010d<span class=\"excerpt-hellip\"> [\u2026]<\/span>","protected":false},"author":2,"featured_media":0,"parent":0,"menu_order":0,"comment_status":"closed","ping_status":"closed","template":"","meta":{"footnotes":""},"class_list":["post-1331","page","type-page","status-publish","hentry"],"_links":{"self":[{"href":"https:\/\/najemstrojev.si\/sl\/wp-json\/wp\/v2\/pages\/1331","targetHints":{"allow":["GET"]}}],"collection":[{"href":"https:\/\/najemstrojev.si\/sl\/wp-json\/wp\/v2\/pages"}],"about":[{"href":"https:\/\/najemstrojev.si\/sl\/wp-json\/wp\/v2\/types\/page"}],"author":[{"embeddable":true,"href":"https:\/\/najemstrojev.si\/sl\/wp-json\/wp\/v2\/users\/2"}],"replies":[{"embeddable":true,"href":"https:\/\/najemstrojev.si\/sl\/wp-json\/wp\/v2\/comments?post=1331"}],"version-history":[{"count":22,"href":"https:\/\/najemstrojev.si\/sl\/wp-json\/wp\/v2\/pages\/1331\/revisions"}],"predecessor-version":[{"id":1354,"href":"https:\/\/najemstrojev.si\/sl\/wp-json\/wp\/v2\/pages\/1331\/revisions\/1354"}],"wp:attachment":[{"href":"https:\/\/najemstrojev.si\/sl\/wp-json\/wp\/v2\/media?parent=1331"}],"curies":[{"name":"wp","href":"https:\/\/api.w.org\/{rel}","templated":true}]}}