{"id":1646,"date":"2023-09-18T13:35:40","date_gmt":"2023-09-18T13:35:40","guid":{"rendered":"https:\/\/najemstrojev.si\/?page_id=1646"},"modified":"2023-11-16T12:06:16","modified_gmt":"2023-11-16T12:06:16","slug":"nakladaci","status":"publish","type":"page","link":"https:\/\/najemstrojev.si\/sl\/nakladaci\/","title":{"rendered":"Naklada\u010di"},"content":{"rendered":"<div data-vc-full-width=\"true\" data-vc-full-width-init=\"false\" data-vc-stretch-content=\"true\" class=\"vc_row wpb_row vc_row-fluid vc_custom_1587143957307 vc_row-has-fill vc_row-no-padding\"><div class=\"wpb_column vc_column_container vc_col-sm-12 vc_col-has-fill\"><div class=\"vc_column-inner vc_custom_1587143972150\"><div class=\"wpb_wrapper\"><\/div><\/div><\/div><\/div><div class=\"vc_row-full-width vc_clearfix\"><\/div><div class=\"vc_row wpb_row vc_row-fluid vc_custom_1700136312920\"><div class=\"wpb_column vc_column_container vc_col-sm-12\"><div class=\"vc_column-inner\"><div class=\"wpb_wrapper\">\n\t<div class=\"wpb_text_column wpb_content_element \" >\n\t\t<div class=\"wpb_wrapper\">\n\t\t\t<h3 class=\"title\" style=\"text-align: center;\">Seznam strojev<\/h3>\n\n\t\t<\/div>\n\t<\/div>\n<div class=\"column_filters\"><div class=\"portfolio_wrapper isotope_wrapper \"><ul class=\"portfolio_group lm_wrapper isotope col-3 grid\"><li class=\"portfolio-item isotope-item category-nakladaci  has-thumbnail\"><div class=\"portfolio-item-fw-bg\" style=\"\"><div class=\"portfolio-item-fill\"><\/div><div class=\"list_style_header\"><h3 class=\"entry-title\" itemprop=\"headline\"><a class=\"link\" href=\"https:\/\/najemstrojev.si\/sl\/stroj\/demper-1-tona-2\/\">Naklada\u010d<\/a><\/h3><div class=\"links_wrapper\"><a href=\"#\" class=\"button button_js portfolio_prev_js\"><span class=\"button_icon\"><i class=\"icon-up-open\"><\/i><\/span><\/a><a href=\"#\" class=\"button button_js portfolio_next_js\"><span class=\"button_icon\"><i class=\"icon-down-open\"><\/i><\/span><\/a><a href=\"https:\/\/najemstrojev.si\/sl\/stroj\/demper-1-tona-2\/\" class=\"button button_left button_theme button_js\"><span class=\"button_icon\"><i class=\"icon-link\"><\/i><\/span><span class=\"button_label\">Preberi ve\u010d<\/span><\/a><\/div><\/div><div class=\"image_frame scale-with-grid\"><div class=\"image_wrapper\"><a href=\"https:\/\/najemstrojev.si\/sl\/stroj\/demper-1-tona-2\/\"><div class=\"mask\"><\/div><img loading=\"lazy\" decoding=\"async\" width=\"960\" height=\"576\" src=\"https:\/\/najemstrojev.si\/wp-content\/uploads\/2025\/11\/JRS00814-17-960x576.jpeg\" class=\"scale-with-grid wp-post-image\" alt=\"\" srcset=\"https:\/\/najemstrojev.si\/wp-content\/uploads\/2025\/11\/JRS00814-17-960x576.jpeg 960w, https:\/\/najemstrojev.si\/wp-content\/uploads\/2025\/11\/JRS00814-17-18x10.jpeg 18w\" sizes=\"auto, (max-width: 960px) 100vw, 960px\" \/><\/a><div class=\"image_links hover-title\"><a href=\"https:\/\/najemstrojev.si\/sl\/stroj\/demper-1-tona-2\/\">Naklada\u010d<\/a><\/div><\/div><\/div><div class=\"desc\"><div class=\"title_wrapper\"><h5 class=\"entry-title\" itemprop=\"headline\"><a class=\"link\" href=\"https:\/\/najemstrojev.si\/sl\/stroj\/demper-1-tona-2\/\">Naklada\u010d<\/a><\/h5><div class=\"button-love\"><\/div><\/div><div class=\"details-wrapper\"><dl><\/dl><\/div><div class=\"desc-wrapper\">- Odpiralna \u017elica 200cm<br>\r\n- Hidravli\u010dna hitra menjava <br>\r\n- Te\u017ea 5810kg<\/div><div class=\"pc-button\"><a class=\"button pc-button-size\" href=\"https:\/\/najemstrojev.si\/sl\/stroj\/demper-1-tona-2\/\" target=\"_blank\"><span class=\"button_label\">Ve\u010d<\/span><\/a><\/div><\/div><\/div><\/li><\/ul><\/div>\n<\/div>\n<\/div><\/div><\/div><\/div><div class=\"vc_row wpb_row vc_row-fluid vc_custom_1700136158419 vc_row-has-fill\"><div class=\"wpb_column vc_column_container vc_col-sm-12\"><div class=\"vc_column-inner\"><div class=\"wpb_wrapper\">\n\t<div class=\"wpb_text_column wpb_content_element \" >\n\t\t<div class=\"wpb_wrapper\">\n\t\t\t<h3 class=\"title\" style=\"text-align: center;\">Pregled ostalih strojev<\/h3>\n\n\t\t<\/div>\n\t<\/div>\n<\/div><\/div><\/div><\/div>\n","protected":false},"excerpt":{"rendered":"CAT 907H2 Vi\u0161ina nakladanja 323 cm, odpiralna \u017elica Odpiralna \u017elica Hidravli\u010dna hitra menjava Hitra ter po\u010dasna hitrost premikanja Transportne mere: D: 544cm, \u0160: 184cm, V: 259cm\u00a0<span class=\"excerpt-hellip\"> [\u2026]<\/span>","protected":false},"author":2,"featured_media":0,"parent":0,"menu_order":0,"comment_status":"closed","ping_status":"closed","template":"","meta":{"footnotes":""},"class_list":["post-1646","page","type-page","status-publish","hentry"],"_links":{"self":[{"href":"https:\/\/najemstrojev.si\/sl\/wp-json\/wp\/v2\/pages\/1646","targetHints":{"allow":["GET"]}}],"collection":[{"href":"https:\/\/najemstrojev.si\/sl\/wp-json\/wp\/v2\/pages"}],"about":[{"href":"https:\/\/najemstrojev.si\/sl\/wp-json\/wp\/v2\/types\/page"}],"author":[{"embeddable":true,"href":"https:\/\/najemstrojev.si\/sl\/wp-json\/wp\/v2\/users\/2"}],"replies":[{"embeddable":true,"href":"https:\/\/najemstrojev.si\/sl\/wp-json\/wp\/v2\/comments?post=1646"}],"version-history":[{"count":12,"href":"https:\/\/najemstrojev.si\/sl\/wp-json\/wp\/v2\/pages\/1646\/revisions"}],"predecessor-version":[{"id":1741,"href":"https:\/\/najemstrojev.si\/sl\/wp-json\/wp\/v2\/pages\/1646\/revisions\/1741"}],"wp:attachment":[{"href":"https:\/\/najemstrojev.si\/sl\/wp-json\/wp\/v2\/media?parent=1646"}],"curies":[{"name":"wp","href":"https:\/\/api.w.org\/{rel}","templated":true}]}}