{"id":2155,"date":"2025-11-03T16:26:22","date_gmt":"2025-11-03T16:26:22","guid":{"rendered":"https:\/\/najemstrojev.si\/?page_id=2155"},"modified":"2025-11-03T16:43:37","modified_gmt":"2025-11-03T16:43:37","slug":"prikljucki","status":"publish","type":"page","link":"https:\/\/najemstrojev.si\/sl\/prikljucki\/","title":{"rendered":"Priklju\u010dki"},"content":{"rendered":"<div data-vc-full-width=\"true\" data-vc-full-width-init=\"false\" data-vc-stretch-content=\"true\" class=\"vc_row wpb_row vc_row-fluid vc_custom_1587143957307 vc_row-has-fill vc_row-no-padding\"><div class=\"wpb_column vc_column_container vc_col-sm-12 vc_col-has-fill\"><div class=\"vc_column-inner vc_custom_1587143972150\"><div class=\"wpb_wrapper\"><\/div><\/div><\/div><\/div><div class=\"vc_row-full-width vc_clearfix\"><\/div><div class=\"vc_row wpb_row vc_row-fluid\"><div class=\"wpb_column vc_column_container vc_col-sm-12\"><div class=\"vc_column-inner\"><div class=\"wpb_wrapper\">\n\t<div class=\"wpb_text_column wpb_content_element \" >\n\t\t<div class=\"wpb_wrapper\">\n\t\t\t<h3 class=\"title\" style=\"text-align: center;\">Seznam strojev<\/h3>\n\n\t\t<\/div>\n\t<\/div>\n<div class=\"column_filters\"><div class=\"portfolio_wrapper isotope_wrapper \"><ul class=\"portfolio_group lm_wrapper isotope col-3 grid\"><li class=\"portfolio-item isotope-item category-prikljucki  has-thumbnail\"><div class=\"portfolio-item-fw-bg\" style=\"\"><div class=\"portfolio-item-fill\"><\/div><div class=\"list_style_header\"><h3 class=\"entry-title\" itemprop=\"headline\"><a class=\"link\" href=\"https:\/\/najemstrojev.si\/sl\/stroj\/bager-9-ton-11725-2\/\">Me\u0161alna \u017elica z prostornino 250 L<\/a><\/h3><div class=\"links_wrapper\"><a href=\"#\" class=\"button button_js portfolio_prev_js\"><span class=\"button_icon\"><i class=\"icon-up-open\"><\/i><\/span><\/a><a href=\"#\" class=\"button button_js portfolio_next_js\"><span class=\"button_icon\"><i class=\"icon-down-open\"><\/i><\/span><\/a><a href=\"https:\/\/najemstrojev.si\/sl\/stroj\/bager-9-ton-11725-2\/\" class=\"button button_left button_theme button_js\"><span class=\"button_icon\"><i class=\"icon-link\"><\/i><\/span><span class=\"button_label\">Preberi ve\u010d<\/span><\/a><\/div><\/div><div class=\"image_frame scale-with-grid\"><div class=\"image_wrapper\"><a href=\"https:\/\/najemstrojev.si\/sl\/stroj\/bager-9-ton-11725-2\/\"><div class=\"mask\"><\/div><img loading=\"lazy\" decoding=\"async\" width=\"800\" height=\"642\" src=\"https:\/\/najemstrojev.si\/wp-content\/uploads\/2025\/11\/mesalna-zlica-za-beton.png\" class=\"scale-with-grid wp-post-image\" alt=\"me\u0161alna \u017elica za beton za mini bager\" srcset=\"https:\/\/najemstrojev.si\/wp-content\/uploads\/2025\/11\/mesalna-zlica-za-beton.png 800w, https:\/\/najemstrojev.si\/wp-content\/uploads\/2025\/11\/mesalna-zlica-za-beton-300x241.png 300w, https:\/\/najemstrojev.si\/wp-content\/uploads\/2025\/11\/mesalna-zlica-za-beton-768x616.png 768w, https:\/\/najemstrojev.si\/wp-content\/uploads\/2025\/11\/mesalna-zlica-za-beton-15x12.png 15w, https:\/\/najemstrojev.si\/wp-content\/uploads\/2025\/11\/mesalna-zlica-za-beton-182x146.png 182w, https:\/\/najemstrojev.si\/wp-content\/uploads\/2025\/11\/mesalna-zlica-za-beton-50x40.png 50w, https:\/\/najemstrojev.si\/wp-content\/uploads\/2025\/11\/mesalna-zlica-za-beton-93x75.png 93w\" sizes=\"auto, (max-width: 800px) 100vw, 800px\" \/><\/a><div class=\"image_links hover-title\"><a href=\"https:\/\/najemstrojev.si\/sl\/stroj\/bager-9-ton-11725-2\/\">Me\u0161alna \u017elica z prostornino 250 L<\/a><\/div><\/div><\/div><div class=\"desc\"><div class=\"title_wrapper\"><h5 class=\"entry-title\" itemprop=\"headline\"><a class=\"link\" href=\"https:\/\/najemstrojev.si\/sl\/stroj\/bager-9-ton-11725-2\/\">Me\u0161alna \u017elica z prostornino 250 L<\/a><\/h5><div class=\"button-love\"><\/div><\/div><div class=\"details-wrapper\"><dl><\/dl><\/div><div class=\"desc-wrapper\">- Primeren za bagre te\u017ee 5-9 ton<br>\r\n- Kapaciteta 250l <br>\r\n- Odto\u010dna odprtina - hidravli\u010dna<\/div><div class=\"pc-button\"><a class=\"button pc-button-size\" href=\"https:\/\/najemstrojev.si\/sl\/stroj\/bager-9-ton-11725-2\/\" target=\"_blank\"><span class=\"button_label\">Ve\u010d<\/span><\/a><\/div><\/div><\/div><\/li><li class=\"portfolio-item isotope-item category-prikljucki  has-thumbnail\"><div class=\"portfolio-item-fw-bg\" style=\"\"><div class=\"portfolio-item-fill\"><\/div><div class=\"list_style_header\"><h3 class=\"entry-title\" itemprop=\"headline\"><a class=\"link\" href=\"https:\/\/najemstrojev.si\/sl\/stroj\/bager-9-ton-11725-2-2\/\">Hidravli\u010dno kladivo HUPPBreak 160S<\/a><\/h3><div class=\"links_wrapper\"><a href=\"#\" class=\"button button_js portfolio_prev_js\"><span class=\"button_icon\"><i class=\"icon-up-open\"><\/i><\/span><\/a><a href=\"#\" class=\"button button_js portfolio_next_js\"><span class=\"button_icon\"><i class=\"icon-down-open\"><\/i><\/span><\/a><a href=\"https:\/\/najemstrojev.si\/sl\/stroj\/bager-9-ton-11725-2-2\/\" class=\"button button_left button_theme button_js\"><span class=\"button_icon\"><i class=\"icon-link\"><\/i><\/span><span class=\"button_label\">Preberi ve\u010d<\/span><\/a><\/div><\/div><div class=\"image_frame scale-with-grid\"><div class=\"image_wrapper\"><a href=\"https:\/\/najemstrojev.si\/sl\/stroj\/bager-9-ton-11725-2-2\/\"><div class=\"mask\"><\/div><img loading=\"lazy\" decoding=\"async\" width=\"960\" height=\"720\" src=\"https:\/\/najemstrojev.si\/wp-content\/uploads\/2025\/11\/hidravlicno-kladivo-huppbreak-160s-960x720.jpg\" class=\"scale-with-grid wp-post-image\" alt=\"hidravli\u010dno kladivo HUPPBreak 160S\" \/><\/a><div class=\"image_links hover-title\"><a href=\"https:\/\/najemstrojev.si\/sl\/stroj\/bager-9-ton-11725-2-2\/\">Hidravli\u010dno kladivo HUPPBreak 160S<\/a><\/div><\/div><\/div><div class=\"desc\"><div class=\"title_wrapper\"><h5 class=\"entry-title\" itemprop=\"headline\"><a class=\"link\" href=\"https:\/\/najemstrojev.si\/sl\/stroj\/bager-9-ton-11725-2-2\/\">Hidravli\u010dno kladivo HUPPBreak 160S<\/a><\/h5><div class=\"button-love\"><\/div><\/div><div class=\"details-wrapper\"><dl><\/dl><\/div><div class=\"desc-wrapper\">- Primeren za bagre 11 - 16ton<br>\r\n- Martin vpetje <br>\r\n- te\u017ea 940kg<\/div><div class=\"pc-button\"><a class=\"button pc-button-size\" href=\"https:\/\/najemstrojev.si\/sl\/stroj\/bager-9-ton-11725-2-2\/\" target=\"_blank\"><span class=\"button_label\">Ve\u010d<\/span><\/a><\/div><\/div><\/div><\/li><li class=\"portfolio-item isotope-item category-prikljucki  has-thumbnail\"><div class=\"portfolio-item-fw-bg\" style=\"\"><div class=\"portfolio-item-fill\"><\/div><div class=\"list_style_header\"><h3 class=\"entry-title\" itemprop=\"headline\"><a class=\"link\" href=\"https:\/\/najemstrojev.si\/sl\/stroj\/bager-9-ton-11725-2-2-2\/\">Grabe\u017e<\/a><\/h3><div class=\"links_wrapper\"><a href=\"#\" class=\"button button_js portfolio_prev_js\"><span class=\"button_icon\"><i class=\"icon-up-open\"><\/i><\/span><\/a><a href=\"#\" class=\"button button_js portfolio_next_js\"><span class=\"button_icon\"><i class=\"icon-down-open\"><\/i><\/span><\/a><a href=\"https:\/\/najemstrojev.si\/sl\/stroj\/bager-9-ton-11725-2-2-2\/\" class=\"button button_left button_theme button_js\"><span class=\"button_icon\"><i class=\"icon-link\"><\/i><\/span><span class=\"button_label\">Preberi ve\u010d<\/span><\/a><\/div><\/div><div class=\"image_frame scale-with-grid\"><div class=\"image_wrapper\"><a href=\"https:\/\/najemstrojev.si\/sl\/stroj\/bager-9-ton-11725-2-2-2\/\"><div class=\"mask\"><\/div><img loading=\"lazy\" decoding=\"async\" width=\"600\" height=\"450\" src=\"https:\/\/najemstrojev.si\/wp-content\/uploads\/2025\/11\/grabez.jpg\" class=\"scale-with-grid wp-post-image\" alt=\"grabe\u017e\" srcset=\"https:\/\/najemstrojev.si\/wp-content\/uploads\/2025\/11\/grabez.jpg 600w, https:\/\/najemstrojev.si\/wp-content\/uploads\/2025\/11\/grabez-300x225.jpg 300w, https:\/\/najemstrojev.si\/wp-content\/uploads\/2025\/11\/grabez-16x12.jpg 16w, https:\/\/najemstrojev.si\/wp-content\/uploads\/2025\/11\/grabez-195x146.jpg 195w, https:\/\/najemstrojev.si\/wp-content\/uploads\/2025\/11\/grabez-50x38.jpg 50w, https:\/\/najemstrojev.si\/wp-content\/uploads\/2025\/11\/grabez-100x75.jpg 100w\" sizes=\"auto, (max-width: 600px) 100vw, 600px\" \/><\/a><div class=\"image_links hover-title\"><a href=\"https:\/\/najemstrojev.si\/sl\/stroj\/bager-9-ton-11725-2-2-2\/\">Grabe\u017e<\/a><\/div><\/div><\/div><div class=\"desc\"><div class=\"title_wrapper\"><h5 class=\"entry-title\" itemprop=\"headline\"><a class=\"link\" href=\"https:\/\/najemstrojev.si\/sl\/stroj\/bager-9-ton-11725-2-2-2\/\">Grabe\u017e<\/a><\/h5><div class=\"button-love\"><\/div><\/div><div class=\"details-wrapper\"><dl><\/dl><\/div><div class=\"desc-wrapper\">- Primeren za bagre od 6-9 ton<br>\r\n- Z rotatorjem <br>\r\n- Martin vpetje<\/div><div class=\"pc-button\"><a class=\"button pc-button-size\" href=\"https:\/\/najemstrojev.si\/sl\/stroj\/bager-9-ton-11725-2-2-2\/\" target=\"_blank\"><span class=\"button_label\">Ve\u010d<\/span><\/a><\/div><\/div><\/div><\/li><li class=\"portfolio-item isotope-item category-prikljucki  has-thumbnail\"><div class=\"portfolio-item-fw-bg\" style=\"\"><div class=\"portfolio-item-fill\"><\/div><div class=\"list_style_header\"><h3 class=\"entry-title\" itemprop=\"headline\"><a class=\"link\" href=\"https:\/\/najemstrojev.si\/sl\/stroj\/bager-9-ton-11725-2-2-2-2\/\">Hidravli\u010dno kladivo HUPPI 402<\/a><\/h3><div class=\"links_wrapper\"><a href=\"#\" class=\"button button_js portfolio_prev_js\"><span class=\"button_icon\"><i class=\"icon-up-open\"><\/i><\/span><\/a><a href=\"#\" class=\"button button_js portfolio_next_js\"><span class=\"button_icon\"><i class=\"icon-down-open\"><\/i><\/span><\/a><a href=\"https:\/\/najemstrojev.si\/sl\/stroj\/bager-9-ton-11725-2-2-2-2\/\" class=\"button button_left button_theme button_js\"><span class=\"button_icon\"><i class=\"icon-link\"><\/i><\/span><span class=\"button_label\">Preberi ve\u010d<\/span><\/a><\/div><\/div><div class=\"image_frame scale-with-grid\"><div class=\"image_wrapper\"><a href=\"https:\/\/najemstrojev.si\/sl\/stroj\/bager-9-ton-11725-2-2-2-2\/\"><div class=\"mask\"><\/div><img loading=\"lazy\" decoding=\"async\" width=\"960\" height=\"720\" src=\"https:\/\/najemstrojev.si\/wp-content\/uploads\/2025\/11\/hidravlicno-kladivo-huppi-402-960x720.jpg\" class=\"scale-with-grid wp-post-image\" alt=\"hidravli\u010dno kladivo za mini bager HUPPI 402\" \/><\/a><div class=\"image_links hover-title\"><a href=\"https:\/\/najemstrojev.si\/sl\/stroj\/bager-9-ton-11725-2-2-2-2\/\">Hidravli\u010dno kladivo HUPPI 402<\/a><\/div><\/div><\/div><div class=\"desc\"><div class=\"title_wrapper\"><h5 class=\"entry-title\" itemprop=\"headline\"><a class=\"link\" href=\"https:\/\/najemstrojev.si\/sl\/stroj\/bager-9-ton-11725-2-2-2-2\/\">Hidravli\u010dno kladivo HUPPI 402<\/a><\/h5><div class=\"button-love\"><\/div><\/div><div class=\"details-wrapper\"><dl><\/dl><\/div><div class=\"desc-wrapper\">- Primeren za bagre 6 - 9ton<br>\r\n- Martin vpetje <br>\r\n- Te\u017ea 479kg<\/div><div class=\"pc-button\"><a class=\"button pc-button-size\" href=\"https:\/\/najemstrojev.si\/sl\/stroj\/bager-9-ton-11725-2-2-2-2\/\" target=\"_blank\"><span class=\"button_label\">Ve\u010d<\/span><\/a><\/div><\/div><\/div><\/li><\/ul><\/div>\n<\/div>\n<\/div><\/div><\/div><\/div><div class=\"vc_row wpb_row vc_row-fluid\"><div class=\"wpb_column vc_column_container vc_col-sm-12\"><div class=\"vc_column-inner\"><div class=\"wpb_wrapper\">\n\t<div class=\"wpb_text_column wpb_content_element \" >\n\t\t<div class=\"wpb_wrapper\">\n\t\t\t<h3 class=\"title\" style=\"text-align: center;\">Pregled ostalih strojev<\/h3>\n\n\t\t<\/div>\n\t<\/div>\n<\/div><\/div><\/div><\/div>\n","protected":false},"excerpt":{"rendered":"Hidravli\u010dno kladivo HUPPI 402 Primeren za bagre te\u017ee 6-9 ton Te\u017ea: 479kg Delovni pritisk(kg\/cm2): 100-160 Pretok olja (l\/min): 45-80 \u0160t.udarcev na minuto: 550-1000 Mo\u010d udarcev(J): 690<span class=\"excerpt-hellip\"> [\u2026]<\/span>","protected":false},"author":1,"featured_media":0,"parent":0,"menu_order":0,"comment_status":"closed","ping_status":"closed","template":"","meta":{"footnotes":""},"class_list":["post-2155","page","type-page","status-publish","hentry"],"_links":{"self":[{"href":"https:\/\/najemstrojev.si\/sl\/wp-json\/wp\/v2\/pages\/2155","targetHints":{"allow":["GET"]}}],"collection":[{"href":"https:\/\/najemstrojev.si\/sl\/wp-json\/wp\/v2\/pages"}],"about":[{"href":"https:\/\/najemstrojev.si\/sl\/wp-json\/wp\/v2\/types\/page"}],"author":[{"embeddable":true,"href":"https:\/\/najemstrojev.si\/sl\/wp-json\/wp\/v2\/users\/1"}],"replies":[{"embeddable":true,"href":"https:\/\/najemstrojev.si\/sl\/wp-json\/wp\/v2\/comments?post=2155"}],"version-history":[{"count":2,"href":"https:\/\/najemstrojev.si\/sl\/wp-json\/wp\/v2\/pages\/2155\/revisions"}],"predecessor-version":[{"id":2157,"href":"https:\/\/najemstrojev.si\/sl\/wp-json\/wp\/v2\/pages\/2155\/revisions\/2157"}],"wp:attachment":[{"href":"https:\/\/najemstrojev.si\/sl\/wp-json\/wp\/v2\/media?parent=2155"}],"curies":[{"name":"wp","href":"https:\/\/api.w.org\/{rel}","templated":true}]}}