{"id":317,"date":"2020-04-06T19:42:31","date_gmt":"2020-04-06T19:42:31","guid":{"rendered":"http:\/\/najemstrojev.si\/?page_id=317"},"modified":"2023-11-16T13:29:12","modified_gmt":"2023-11-16T13:29:12","slug":"valjarji","status":"publish","type":"page","link":"https:\/\/najemstrojev.si\/sl\/valjarji\/","title":{"rendered":"Valjarji"},"content":{"rendered":"<div data-vc-full-width=\"true\" data-vc-full-width-init=\"false\" data-vc-stretch-content=\"true\" class=\"vc_row wpb_row vc_row-fluid vc_custom_1587143957307 vc_row-has-fill vc_row-no-padding\"><div class=\"wpb_column vc_column_container vc_col-sm-12 vc_col-has-fill\"><div class=\"vc_column-inner vc_custom_1587143972150\"><div class=\"wpb_wrapper\"><\/div><\/div><\/div><\/div><div class=\"vc_row-full-width vc_clearfix\"><\/div><div class=\"vc_row wpb_row vc_row-fluid\"><div class=\"wpb_column vc_column_container vc_col-sm-12\"><div class=\"vc_column-inner\"><div class=\"wpb_wrapper\">\n\t<div class=\"wpb_text_column wpb_content_element \" >\n\t\t<div class=\"wpb_wrapper\">\n\t\t\t<h3 class=\"title\" style=\"text-align: center;\">Seznam strojev<\/h3>\n\n\t\t<\/div>\n\t<\/div>\n<div class=\"column_filters\"><div class=\"portfolio_wrapper isotope_wrapper \"><ul class=\"portfolio_group lm_wrapper isotope col-3 grid\"><li class=\"portfolio-item isotope-item category-valjarji  has-thumbnail\"><div class=\"portfolio-item-fw-bg\" style=\"\"><div class=\"portfolio-item-fill\"><\/div><div class=\"list_style_header\"><h3 class=\"entry-title\" itemprop=\"headline\"><a class=\"link\" href=\"https:\/\/najemstrojev.si\/sl\/stroj\/valjar-1-5-tone\/\">Valjar 1.5 tone<\/a><\/h3><div class=\"links_wrapper\"><a href=\"#\" class=\"button button_js portfolio_prev_js\"><span class=\"button_icon\"><i class=\"icon-up-open\"><\/i><\/span><\/a><a href=\"#\" class=\"button button_js portfolio_next_js\"><span class=\"button_icon\"><i class=\"icon-down-open\"><\/i><\/span><\/a><a href=\"https:\/\/najemstrojev.si\/sl\/stroj\/valjar-1-5-tone\/\" class=\"button button_left button_theme button_js\"><span class=\"button_icon\"><i class=\"icon-link\"><\/i><\/span><span class=\"button_label\">Preberi ve\u010d<\/span><\/a><\/div><\/div><div class=\"image_frame scale-with-grid\"><div class=\"image_wrapper\"><a href=\"https:\/\/najemstrojev.si\/sl\/stroj\/valjar-1-5-tone\/\"><div class=\"mask\"><\/div><img loading=\"lazy\" decoding=\"async\" width=\"960\" height=\"576\" src=\"https:\/\/najemstrojev.si\/wp-content\/uploads\/2020\/04\/101462002667-2-960x576.jpg\" class=\"scale-with-grid wp-post-image\" alt=\"manj\u0161i valjar\" srcset=\"https:\/\/najemstrojev.si\/wp-content\/uploads\/2020\/04\/101462002667-2-960x576.jpg 960w, https:\/\/najemstrojev.si\/wp-content\/uploads\/2020\/04\/101462002667-2-16x9.jpg 16w\" sizes=\"auto, (max-width: 960px) 100vw, 960px\" \/><\/a><div class=\"image_links hover-title\"><a href=\"https:\/\/najemstrojev.si\/sl\/stroj\/valjar-1-5-tone\/\">Valjar 1.5 tone<\/a><\/div><\/div><\/div><div class=\"desc\"><div class=\"title_wrapper\"><h5 class=\"entry-title\" itemprop=\"headline\"><a class=\"link\" href=\"https:\/\/najemstrojev.si\/sl\/stroj\/valjar-1-5-tone\/\">Valjar 1.5 tone<\/a><\/h5><div class=\"button-love\"><\/div><\/div><div class=\"details-wrapper\"><dl><\/dl><\/div><div class=\"desc-wrapper\">- \u0160irina valja 100cm <br>\r\n- Mo\u010denje <br>\r\n- Te\u017ea 1500kg<\/div><div class=\"pc-button\"><a class=\"button pc-button-size\" href=\"https:\/\/najemstrojev.si\/sl\/stroj\/valjar-1-5-tone\/\" target=\"_blank\"><span class=\"button_label\">Ve\u010d<\/span><\/a><\/div><\/div><\/div><\/li><li class=\"portfolio-item isotope-item category-valjarji  has-thumbnail\"><div class=\"portfolio-item-fw-bg\" style=\"\"><div class=\"portfolio-item-fill\"><\/div><div class=\"list_style_header\"><h3 class=\"entry-title\" itemprop=\"headline\"><a class=\"link\" href=\"https:\/\/najemstrojev.si\/sl\/stroj\/valjar-za-jarke-1-6\/\">Valjar 1,6 tone<\/a><\/h3><div class=\"links_wrapper\"><a href=\"#\" class=\"button button_js portfolio_prev_js\"><span class=\"button_icon\"><i class=\"icon-up-open\"><\/i><\/span><\/a><a href=\"#\" class=\"button button_js portfolio_next_js\"><span class=\"button_icon\"><i class=\"icon-down-open\"><\/i><\/span><\/a><a href=\"https:\/\/najemstrojev.si\/sl\/stroj\/valjar-za-jarke-1-6\/\" class=\"button button_left button_theme button_js\"><span class=\"button_icon\"><i class=\"icon-link\"><\/i><\/span><span class=\"button_label\">Preberi ve\u010d<\/span><\/a><\/div><\/div><div class=\"image_frame scale-with-grid\"><div class=\"image_wrapper\"><a href=\"https:\/\/najemstrojev.si\/sl\/stroj\/valjar-za-jarke-1-6\/\"><div class=\"mask\"><\/div><img loading=\"lazy\" decoding=\"async\" width=\"960\" height=\"576\" src=\"https:\/\/najemstrojev.si\/wp-content\/uploads\/2020\/10\/5706749-2-960x576.jpg\" class=\"scale-with-grid wp-post-image\" alt=\"\" srcset=\"https:\/\/najemstrojev.si\/wp-content\/uploads\/2020\/10\/5706749-2-960x576.jpg 960w, https:\/\/najemstrojev.si\/wp-content\/uploads\/2020\/10\/5706749-2-16x9.jpg 16w\" sizes=\"auto, (max-width: 960px) 100vw, 960px\" \/><\/a><div class=\"image_links hover-title\"><a href=\"https:\/\/najemstrojev.si\/sl\/stroj\/valjar-za-jarke-1-6\/\">Valjar 1,6 tone<\/a><\/div><\/div><\/div><div class=\"desc\"><div class=\"title_wrapper\"><h5 class=\"entry-title\" itemprop=\"headline\"><a class=\"link\" href=\"https:\/\/najemstrojev.si\/sl\/stroj\/valjar-za-jarke-1-6\/\">Valjar 1,6 tone<\/a><\/h5><div class=\"button-love\"><\/div><\/div><div class=\"details-wrapper\"><dl><\/dl><\/div><div class=\"desc-wrapper\">- \u0160irina valja 85cm<br>\r\n- Upravljanje preko kabla ali brez\u017ei\u010dno <br>\r\n- Te\u017ea 1643kg<\/div><div class=\"pc-button\"><a class=\"button pc-button-size\" href=\"https:\/\/najemstrojev.si\/sl\/stroj\/valjar-za-jarke-1-6\/\" target=\"_blank\"><span class=\"button_label\">Ve\u010d<\/span><\/a><\/div><\/div><\/div><\/li><li class=\"portfolio-item isotope-item category-valjarji  has-thumbnail\"><div class=\"portfolio-item-fw-bg\" style=\"\"><div class=\"portfolio-item-fill\"><\/div><div class=\"list_style_header\"><h3 class=\"entry-title\" itemprop=\"headline\"><a class=\"link\" href=\"https:\/\/najemstrojev.si\/sl\/stroj\/valjar-26-tone\/\">Valjar 2,6 tone<\/a><\/h3><div class=\"links_wrapper\"><a href=\"#\" class=\"button button_js portfolio_prev_js\"><span class=\"button_icon\"><i class=\"icon-up-open\"><\/i><\/span><\/a><a href=\"#\" class=\"button button_js portfolio_next_js\"><span class=\"button_icon\"><i class=\"icon-down-open\"><\/i><\/span><\/a><a href=\"https:\/\/najemstrojev.si\/sl\/stroj\/valjar-26-tone\/\" class=\"button button_left button_theme button_js\"><span class=\"button_icon\"><i class=\"icon-link\"><\/i><\/span><span class=\"button_label\">Preberi ve\u010d<\/span><\/a><\/div><\/div><div class=\"image_frame scale-with-grid\"><div class=\"image_wrapper\"><a href=\"https:\/\/najemstrojev.si\/sl\/stroj\/valjar-26-tone\/\"><div class=\"mask\"><\/div><img loading=\"lazy\" decoding=\"async\" width=\"960\" height=\"576\" src=\"https:\/\/najemstrojev.si\/wp-content\/uploads\/2022\/01\/valjar-hamm-hd-12-vv-960x576.jpg\" class=\"scale-with-grid wp-post-image\" alt=\"valjar Hamm HD 12 VV\" srcset=\"https:\/\/najemstrojev.si\/wp-content\/uploads\/2022\/01\/valjar-hamm-hd-12-vv-960x576.jpg 960w, https:\/\/najemstrojev.si\/wp-content\/uploads\/2022\/01\/valjar-hamm-hd-12-vv-18x10.jpg 18w\" sizes=\"auto, (max-width: 960px) 100vw, 960px\" \/><\/a><div class=\"image_links hover-title\"><a href=\"https:\/\/najemstrojev.si\/sl\/stroj\/valjar-26-tone\/\">Valjar 2,6 tone<\/a><\/div><\/div><\/div><div class=\"desc\"><div class=\"title_wrapper\"><h5 class=\"entry-title\" itemprop=\"headline\"><a class=\"link\" href=\"https:\/\/najemstrojev.si\/sl\/stroj\/valjar-26-tone\/\">Valjar 2,6 tone<\/a><\/h5><div class=\"button-love\"><\/div><\/div><div class=\"details-wrapper\"><dl><\/dl><\/div><div class=\"desc-wrapper\">- \u0160irina valja 120cm <br>\r\n- Mo\u010denje <br>\r\n- Te\u017ea 2695kg<\/div><div class=\"pc-button\"><a class=\"button pc-button-size\" href=\"https:\/\/najemstrojev.si\/sl\/stroj\/valjar-26-tone\/\" target=\"_blank\"><span class=\"button_label\">Ve\u010d<\/span><\/a><\/div><\/div><\/div><\/li><li class=\"portfolio-item isotope-item category-valjarji  has-thumbnail\"><div class=\"portfolio-item-fw-bg\" style=\"\"><div class=\"portfolio-item-fill\"><\/div><div class=\"list_style_header\"><h3 class=\"entry-title\" itemprop=\"headline\"><a class=\"link\" href=\"https:\/\/najemstrojev.si\/sl\/stroj\/skarjsta-dvizna-ploscad-8m\/\">Valjar 4,3 tone<\/a><\/h3><div class=\"links_wrapper\"><a href=\"#\" class=\"button button_js portfolio_prev_js\"><span class=\"button_icon\"><i class=\"icon-up-open\"><\/i><\/span><\/a><a href=\"#\" class=\"button button_js portfolio_next_js\"><span class=\"button_icon\"><i class=\"icon-down-open\"><\/i><\/span><\/a><a href=\"https:\/\/najemstrojev.si\/sl\/stroj\/skarjsta-dvizna-ploscad-8m\/\" class=\"button button_left button_theme button_js\"><span class=\"button_icon\"><i class=\"icon-link\"><\/i><\/span><span class=\"button_label\">Preberi ve\u010d<\/span><\/a><\/div><\/div><div class=\"image_frame scale-with-grid\"><div class=\"image_wrapper\"><a href=\"https:\/\/najemstrojev.si\/sl\/stroj\/skarjsta-dvizna-ploscad-8m\/\"><div class=\"mask\"><\/div><img loading=\"lazy\" decoding=\"async\" width=\"960\" height=\"576\" src=\"https:\/\/najemstrojev.si\/wp-content\/uploads\/2020\/05\/101650301293-3-960x576.jpeg\" class=\"scale-with-grid wp-post-image\" alt=\"\" srcset=\"https:\/\/najemstrojev.si\/wp-content\/uploads\/2020\/05\/101650301293-3-960x576.jpeg 960w, https:\/\/najemstrojev.si\/wp-content\/uploads\/2020\/05\/101650301293-3-18x10.jpeg 18w\" sizes=\"auto, (max-width: 960px) 100vw, 960px\" \/><\/a><div class=\"image_links hover-title\"><a href=\"https:\/\/najemstrojev.si\/sl\/stroj\/skarjsta-dvizna-ploscad-8m\/\">Valjar 4,3 tone<\/a><\/div><\/div><\/div><div class=\"desc\"><div class=\"title_wrapper\"><h5 class=\"entry-title\" itemprop=\"headline\"><a class=\"link\" href=\"https:\/\/najemstrojev.si\/sl\/stroj\/skarjsta-dvizna-ploscad-8m\/\">Valjar 4,3 tone<\/a><\/h5><div class=\"button-love\"><\/div><\/div><div class=\"details-wrapper\"><dl><\/dl><\/div><div class=\"desc-wrapper\">- \u0160irina valjarja 138cm<br>\r\n- Mo\u010denje<br>\r\n- Te\u017ea 4300kg<\/div><div class=\"pc-button\"><a class=\"button pc-button-size\" href=\"https:\/\/najemstrojev.si\/sl\/stroj\/skarjsta-dvizna-ploscad-8m\/\" target=\"_blank\"><span class=\"button_label\">Ve\u010d<\/span><\/a><\/div><\/div><\/div><\/li><li class=\"portfolio-item isotope-item category-valjarji  has-thumbnail\"><div class=\"portfolio-item-fw-bg\" style=\"\"><div class=\"portfolio-item-fill\"><\/div><div class=\"list_style_header\"><h3 class=\"entry-title\" itemprop=\"headline\"><a class=\"link\" href=\"https:\/\/najemstrojev.si\/sl\/stroj\/valjar-7-ton\/\">Valjar 7 ton<\/a><\/h3><div class=\"links_wrapper\"><a href=\"#\" class=\"button button_js portfolio_prev_js\"><span class=\"button_icon\"><i class=\"icon-up-open\"><\/i><\/span><\/a><a href=\"#\" class=\"button button_js portfolio_next_js\"><span class=\"button_icon\"><i class=\"icon-down-open\"><\/i><\/span><\/a><a href=\"https:\/\/najemstrojev.si\/sl\/stroj\/valjar-7-ton\/\" class=\"button button_left button_theme button_js\"><span class=\"button_icon\"><i class=\"icon-link\"><\/i><\/span><span class=\"button_label\">Preberi ve\u010d<\/span><\/a><\/div><\/div><div class=\"image_frame scale-with-grid\"><div class=\"image_wrapper\"><a href=\"https:\/\/najemstrojev.si\/sl\/stroj\/valjar-7-ton\/\"><div class=\"mask\"><\/div><img loading=\"lazy\" decoding=\"async\" width=\"960\" height=\"720\" src=\"https:\/\/najemstrojev.si\/wp-content\/uploads\/2024\/10\/10186491185-11-960x720.jpg\" class=\"scale-with-grid wp-post-image\" alt=\"\" \/><\/a><div class=\"image_links hover-title\"><a href=\"https:\/\/najemstrojev.si\/sl\/stroj\/valjar-7-ton\/\">Valjar 7 ton<\/a><\/div><\/div><\/div><div class=\"desc\"><div class=\"title_wrapper\"><h5 class=\"entry-title\" itemprop=\"headline\"><a class=\"link\" href=\"https:\/\/najemstrojev.si\/sl\/stroj\/valjar-7-ton\/\">Valjar 7 ton<\/a><\/h5><div class=\"button-love\"><\/div><\/div><div class=\"details-wrapper\"><dl><\/dl><\/div><div class=\"desc-wrapper\">- \u0160irina valjarja 169cm<br>\r\n- Mo\u010denje<br>\r\n- Te\u017ea 6600kg<\/div><div class=\"pc-button\"><a class=\"button pc-button-size\" href=\"https:\/\/najemstrojev.si\/sl\/stroj\/valjar-7-ton\/\" target=\"_blank\"><span class=\"button_label\">Ve\u010d<\/span><\/a><\/div><\/div><\/div><\/li><\/ul><\/div>\n<\/div>\n<\/div><\/div><\/div><\/div><div class=\"vc_row wpb_row vc_row-fluid\"><div class=\"wpb_column vc_column_container vc_col-sm-12\"><div class=\"vc_column-inner\"><div class=\"wpb_wrapper\">\n\t<div class=\"wpb_text_column wpb_content_element \" >\n\t\t<div class=\"wpb_wrapper\">\n\t\t\t<h3 class=\"title\" style=\"text-align: center;\">Pregled ostalih strojev<\/h3>\n\n\t\t<\/div>\n\t<\/div>\n<\/div><\/div><\/div><\/div>\n","protected":false},"excerpt":{"rendered":"Bomag BW177D-5 \u0160irina valja 169cm Zaprta ogrevana kabina Lu\u010di 2 stopnji vibracij Transportne mere: D:454 \u0160: 182 V: 280 cm Diesel Kubota - 55.4kW Te\u017ea 6600kg<span class=\"excerpt-hellip\"> [\u2026]<\/span>","protected":false},"author":1,"featured_media":0,"parent":0,"menu_order":0,"comment_status":"closed","ping_status":"closed","template":"","meta":{"footnotes":""},"class_list":["post-317","page","type-page","status-publish","hentry"],"_links":{"self":[{"href":"https:\/\/najemstrojev.si\/sl\/wp-json\/wp\/v2\/pages\/317","targetHints":{"allow":["GET"]}}],"collection":[{"href":"https:\/\/najemstrojev.si\/sl\/wp-json\/wp\/v2\/pages"}],"about":[{"href":"https:\/\/najemstrojev.si\/sl\/wp-json\/wp\/v2\/types\/page"}],"author":[{"embeddable":true,"href":"https:\/\/najemstrojev.si\/sl\/wp-json\/wp\/v2\/users\/1"}],"replies":[{"embeddable":true,"href":"https:\/\/najemstrojev.si\/sl\/wp-json\/wp\/v2\/comments?post=317"}],"version-history":[{"count":15,"href":"https:\/\/najemstrojev.si\/sl\/wp-json\/wp\/v2\/pages\/317\/revisions"}],"predecessor-version":[{"id":1747,"href":"https:\/\/najemstrojev.si\/sl\/wp-json\/wp\/v2\/pages\/317\/revisions\/1747"}],"wp:attachment":[{"href":"https:\/\/najemstrojev.si\/sl\/wp-json\/wp\/v2\/media?parent=317"}],"curies":[{"name":"wp","href":"https:\/\/api.w.org\/{rel}","templated":true}]}}