{"id":323,"date":"2020-04-06T19:43:42","date_gmt":"2020-04-06T19:43:42","guid":{"rendered":"http:\/\/najemstrojev.si\/?page_id=323"},"modified":"2023-07-31T09:19:31","modified_gmt":"2023-07-31T09:19:31","slug":"vibro-plosce","status":"publish","type":"page","link":"https:\/\/najemstrojev.si\/sl\/vibro-plosce\/","title":{"rendered":"Vibro plo\u0161\u010de"},"content":{"rendered":"<div data-vc-full-width=\"true\" data-vc-full-width-init=\"false\" data-vc-stretch-content=\"true\" class=\"vc_row wpb_row vc_row-fluid vc_custom_1587143957307 vc_row-has-fill vc_row-no-padding\"><div class=\"wpb_column vc_column_container vc_col-sm-12 vc_col-has-fill\"><div class=\"vc_column-inner vc_custom_1587143972150\"><div class=\"wpb_wrapper\"><\/div><\/div><\/div><\/div><div class=\"vc_row-full-width vc_clearfix\"><\/div><div class=\"vc_row wpb_row vc_row-fluid\"><div class=\"wpb_column vc_column_container vc_col-sm-12\"><div class=\"vc_column-inner\"><div class=\"wpb_wrapper\">\n\t<div class=\"wpb_text_column wpb_content_element \" >\n\t\t<div class=\"wpb_wrapper\">\n\t\t\t<h3 class=\"title\" style=\"text-align: center;\">Seznam strojev<\/h3>\n\n\t\t<\/div>\n\t<\/div>\n<div class=\"column_filters\"><div class=\"portfolio_wrapper isotope_wrapper \"><ul class=\"portfolio_group lm_wrapper isotope col-3 masonry\"><\/ul><\/div>\n<\/div>\n\n\t<div class=\"wpb_text_column wpb_content_element \" >\n\t\t<div class=\"wpb_wrapper\">\n\t\t\t<h3 class=\"title\" style=\"text-align: center;\">Pregled ostalih strojev<\/h3>\n\n\t\t<\/div>\n\t<\/div>\n<\/div><\/div><\/div><\/div><div data-vc-full-width=\"true\" data-vc-full-width-init=\"false\" class=\"vc_row wpb_row vc_row-fluid item-maschine-bg vc_custom_1587222997067 vc_row-has-fill\"><div class=\"wpb_column vc_column_container vc_col-sm-12 vc_col-has-fill\"><div class=\"vc_column-inner vc_custom_1587220950859\"><div class=\"wpb_wrapper\"><div class=\"vc_row wpb_row vc_inner vc_row-fluid\"><div class=\"item-maschine wpb_column vc_column_container vc_col-sm-2\"><div class=\"vc_column-inner\"><div class=\"wpb_wrapper\">\n\t<div class=\"wpb_text_column wpb_content_element  vc_custom_1587220281878 title\" >\n\t\t<div class=\"wpb_wrapper\">\n\t\t\t<p style=\"text-align: center;\"><strong><span style=\"font-family: Oswald; font-size: 14pt;\">BAGRI<\/span><\/strong><\/p>\n\n\t\t<\/div>\n\t<\/div>\n\n\t<div  class=\"wpb_single_image wpb_content_element vc_align_center  vc_custom_1587224072829\">\n\t\t\n\t\t<figure class=\"wpb_wrapper vc_figure\">\n\t\t\t<a href=\"\/bagri\" target=\"_self\" class=\"vc_single_image-wrapper   vc_box_border_grey\"><img loading=\"lazy\" decoding=\"async\" width=\"150\" height=\"150\" src=\"https:\/\/najemstrojev.si\/wp-content\/uploads\/2020\/04\/bager-150x150.png\" class=\"vc_single_image-img attachment-thumbnail\" alt=\"bager\" srcset=\"https:\/\/najemstrojev.si\/wp-content\/uploads\/2020\/04\/bager-150x150.png 150w, https:\/\/najemstrojev.si\/wp-content\/uploads\/2020\/04\/bager-300x300.png 300w, https:\/\/najemstrojev.si\/wp-content\/uploads\/2020\/04\/bager-768x768.png 768w, https:\/\/najemstrojev.si\/wp-content\/uploads\/2020\/04\/bager-12x12.png 12w, https:\/\/najemstrojev.si\/wp-content\/uploads\/2020\/04\/bager-146x146.png 146w, https:\/\/najemstrojev.si\/wp-content\/uploads\/2020\/04\/bager-50x50.png 50w, https:\/\/najemstrojev.si\/wp-content\/uploads\/2020\/04\/bager-75x75.png 75w, https:\/\/najemstrojev.si\/wp-content\/uploads\/2020\/04\/bager-85x85.png 85w, https:\/\/najemstrojev.si\/wp-content\/uploads\/2020\/04\/bager-80x80.png 80w, https:\/\/najemstrojev.si\/wp-content\/uploads\/2020\/04\/bager.png 800w\" sizes=\"auto, (max-width: 150px) 100vw, 150px\" \/><\/a>\n\t\t<\/figure>\n\t<\/div>\n<\/div><\/div><\/div><div class=\"item-maschine wpb_column vc_column_container vc_col-sm-2\"><div class=\"vc_column-inner\"><div class=\"wpb_wrapper\">\n\t<div class=\"wpb_text_column wpb_content_element  vc_custom_1587220526544 title\" >\n\t\t<div class=\"wpb_wrapper\">\n\t\t\t<p style=\"text-align: center;\"><strong><span style=\"font-family: Oswald; font-size: 14pt;\">VALJARI<\/span><\/strong><\/p>\n\n\t\t<\/div>\n\t<\/div>\n\n\t<div  class=\"wpb_single_image wpb_content_element vc_align_center  vc_custom_1587224102588\">\n\t\t\n\t\t<figure class=\"wpb_wrapper vc_figure\">\n\t\t\t<a href=\"\/valjarji\" target=\"_self\" class=\"vc_single_image-wrapper   vc_box_border_grey\"><img loading=\"lazy\" decoding=\"async\" width=\"150\" height=\"150\" src=\"https:\/\/najemstrojev.si\/wp-content\/uploads\/2020\/04\/valjar-150x150.png\" class=\"vc_single_image-img attachment-thumbnail\" alt=\"valjar\" srcset=\"https:\/\/najemstrojev.si\/wp-content\/uploads\/2020\/04\/valjar-150x150.png 150w, https:\/\/najemstrojev.si\/wp-content\/uploads\/2020\/04\/valjar-300x300.png 300w, https:\/\/najemstrojev.si\/wp-content\/uploads\/2020\/04\/valjar-768x768.png 768w, https:\/\/najemstrojev.si\/wp-content\/uploads\/2020\/04\/valjar-12x12.png 12w, https:\/\/najemstrojev.si\/wp-content\/uploads\/2020\/04\/valjar-146x146.png 146w, https:\/\/najemstrojev.si\/wp-content\/uploads\/2020\/04\/valjar-50x50.png 50w, https:\/\/najemstrojev.si\/wp-content\/uploads\/2020\/04\/valjar-75x75.png 75w, https:\/\/najemstrojev.si\/wp-content\/uploads\/2020\/04\/valjar-85x85.png 85w, https:\/\/najemstrojev.si\/wp-content\/uploads\/2020\/04\/valjar-80x80.png 80w, https:\/\/najemstrojev.si\/wp-content\/uploads\/2020\/04\/valjar.png 800w\" sizes=\"auto, (max-width: 150px) 100vw, 150px\" \/><\/a>\n\t\t<\/figure>\n\t<\/div>\n<\/div><\/div><\/div><div class=\"item-maschine wpb_column vc_column_container vc_col-sm-2\"><div class=\"vc_column-inner\"><div class=\"wpb_wrapper\">\n\t<div class=\"wpb_text_column wpb_content_element  vc_custom_1587489515748 title\" >\n\t\t<div class=\"wpb_wrapper\">\n\t\t\t<p style=\"text-align: center;\"><strong><span style=\"font-family: Oswald; font-size: 14pt;\">DEMPERJI<\/span><\/strong><\/p>\n\n\t\t<\/div>\n\t<\/div>\n\n\t<div  class=\"wpb_single_image wpb_content_element vc_align_center  vc_custom_1587224137407\">\n\t\t\n\t\t<figure class=\"wpb_wrapper vc_figure\">\n\t\t\t<a href=\"\/demperji\" target=\"_self\" class=\"vc_single_image-wrapper   vc_box_border_grey\"><img loading=\"lazy\" decoding=\"async\" width=\"150\" height=\"150\" src=\"https:\/\/najemstrojev.si\/wp-content\/uploads\/2020\/04\/demper-150x150.png\" class=\"vc_single_image-img attachment-thumbnail\" alt=\"demper\" srcset=\"https:\/\/najemstrojev.si\/wp-content\/uploads\/2020\/04\/demper-150x150.png 150w, https:\/\/najemstrojev.si\/wp-content\/uploads\/2020\/04\/demper-300x300.png 300w, https:\/\/najemstrojev.si\/wp-content\/uploads\/2020\/04\/demper-768x768.png 768w, https:\/\/najemstrojev.si\/wp-content\/uploads\/2020\/04\/demper-12x12.png 12w, https:\/\/najemstrojev.si\/wp-content\/uploads\/2020\/04\/demper-146x146.png 146w, https:\/\/najemstrojev.si\/wp-content\/uploads\/2020\/04\/demper-50x50.png 50w, https:\/\/najemstrojev.si\/wp-content\/uploads\/2020\/04\/demper-75x75.png 75w, https:\/\/najemstrojev.si\/wp-content\/uploads\/2020\/04\/demper-85x85.png 85w, https:\/\/najemstrojev.si\/wp-content\/uploads\/2020\/04\/demper-80x80.png 80w, https:\/\/najemstrojev.si\/wp-content\/uploads\/2020\/04\/demper.png 800w\" sizes=\"auto, (max-width: 150px) 100vw, 150px\" \/><\/a>\n\t\t<\/figure>\n\t<\/div>\n<\/div><\/div><\/div><div class=\"item-maschine wpb_column vc_column_container vc_col-sm-2\"><div class=\"vc_column-inner\"><div class=\"wpb_wrapper\">\n\t<div class=\"wpb_text_column wpb_content_element  vc_custom_1587220564701 title\" >\n\t\t<div class=\"wpb_wrapper\">\n\t\t\t<p style=\"text-align: center;\"><strong><span style=\"font-family: Oswald; font-size: 14pt;\">DVI\u017dNE PLO\u0160\u010cADI<\/span><\/strong><\/p>\n\n\t\t<\/div>\n\t<\/div>\n\n\t<div  class=\"wpb_single_image wpb_content_element vc_align_center  vc_custom_1589312662931\">\n\t\t\n\t\t<figure class=\"wpb_wrapper vc_figure\">\n\t\t\t<a href=\"\/dvizne-ploscadi\" target=\"_self\" class=\"vc_single_image-wrapper   vc_box_border_grey\"><img loading=\"lazy\" decoding=\"async\" width=\"150\" height=\"150\" src=\"https:\/\/najemstrojev.si\/wp-content\/uploads\/2020\/05\/dvizna-ploscad-150x150.png\" class=\"vc_single_image-img attachment-thumbnail\" alt=\"dvi\u017ena plo\u0161\u010dad\" srcset=\"https:\/\/najemstrojev.si\/wp-content\/uploads\/2020\/05\/dvizna-ploscad-150x150.png 150w, https:\/\/najemstrojev.si\/wp-content\/uploads\/2020\/05\/dvizna-ploscad-300x300.png 300w, https:\/\/najemstrojev.si\/wp-content\/uploads\/2020\/05\/dvizna-ploscad-768x768.png 768w, https:\/\/najemstrojev.si\/wp-content\/uploads\/2020\/05\/dvizna-ploscad-12x12.png 12w, https:\/\/najemstrojev.si\/wp-content\/uploads\/2020\/05\/dvizna-ploscad-146x146.png 146w, https:\/\/najemstrojev.si\/wp-content\/uploads\/2020\/05\/dvizna-ploscad-50x50.png 50w, https:\/\/najemstrojev.si\/wp-content\/uploads\/2020\/05\/dvizna-ploscad-75x75.png 75w, https:\/\/najemstrojev.si\/wp-content\/uploads\/2020\/05\/dvizna-ploscad-85x85.png 85w, https:\/\/najemstrojev.si\/wp-content\/uploads\/2020\/05\/dvizna-ploscad-80x80.png 80w, https:\/\/najemstrojev.si\/wp-content\/uploads\/2020\/05\/dvizna-ploscad.png 800w\" sizes=\"auto, (max-width: 150px) 100vw, 150px\" \/><\/a>\n\t\t<\/figure>\n\t<\/div>\n<\/div><\/div><\/div><div class=\"item-maschine wpb_column vc_column_container vc_col-sm-2\"><div class=\"vc_column-inner\"><div class=\"wpb_wrapper\">\n\t<div class=\"wpb_text_column wpb_content_element  vc_custom_1651746434440 title\" >\n\t\t<div class=\"wpb_wrapper\">\n\t\t\t<p style=\"text-align: center;\"><strong><span style=\"font-family: Oswald; font-size: 14pt;\">TEL. VILI\u010cAR<\/span><\/strong><\/p>\n\n\t\t<\/div>\n\t<\/div>\n\n\t<div  class=\"wpb_single_image wpb_content_element vc_align_center  vc_custom_1651746444683\">\n\t\t\n\t\t<figure class=\"wpb_wrapper vc_figure\">\n\t\t\t<a href=\"\/tel-vilicar\" target=\"_self\" class=\"vc_single_image-wrapper   vc_box_border_grey\"><img loading=\"lazy\" decoding=\"async\" width=\"150\" height=\"150\" src=\"https:\/\/najemstrojev.si\/wp-content\/uploads\/2022\/05\/teleskopski-vilicar-150x150.png\" class=\"vc_single_image-img attachment-thumbnail\" alt=\"teleskopski vili\u010dar\" srcset=\"https:\/\/najemstrojev.si\/wp-content\/uploads\/2022\/05\/teleskopski-vilicar-150x150.png 150w, https:\/\/najemstrojev.si\/wp-content\/uploads\/2022\/05\/teleskopski-vilicar-300x300.png 300w, https:\/\/najemstrojev.si\/wp-content\/uploads\/2022\/05\/teleskopski-vilicar-1024x1024.png 1024w, https:\/\/najemstrojev.si\/wp-content\/uploads\/2022\/05\/teleskopski-vilicar-768x768.png 768w, https:\/\/najemstrojev.si\/wp-content\/uploads\/2022\/05\/teleskopski-vilicar-1536x1536.png 1536w, https:\/\/najemstrojev.si\/wp-content\/uploads\/2022\/05\/teleskopski-vilicar-2048x2048.png 2048w, https:\/\/najemstrojev.si\/wp-content\/uploads\/2022\/05\/teleskopski-vilicar-12x12.png 12w, https:\/\/najemstrojev.si\/wp-content\/uploads\/2022\/05\/teleskopski-vilicar-146x146.png 146w, https:\/\/najemstrojev.si\/wp-content\/uploads\/2022\/05\/teleskopski-vilicar-50x50.png 50w, https:\/\/najemstrojev.si\/wp-content\/uploads\/2022\/05\/teleskopski-vilicar-75x75.png 75w, https:\/\/najemstrojev.si\/wp-content\/uploads\/2022\/05\/teleskopski-vilicar-85x85.png 85w, https:\/\/najemstrojev.si\/wp-content\/uploads\/2022\/05\/teleskopski-vilicar-80x80.png 80w\" sizes=\"auto, (max-width: 150px) 100vw, 150px\" \/><\/a>\n\t\t<\/figure>\n\t<\/div>\n<\/div><\/div><\/div><div class=\"item-maschine wpb_column vc_column_container vc_col-sm-2\"><div class=\"vc_column-inner\"><div class=\"wpb_wrapper\">\n\t<div class=\"wpb_text_column wpb_content_element  vc_custom_1690449644092 title\" >\n\t\t<div class=\"wpb_wrapper\">\n\t\t\t<p style=\"text-align: center;\"><strong><span style=\"font-family: Oswald; font-size: 14pt;\">ROVOKOPA\u010cI<\/span><\/strong><\/p>\n\n\t\t<\/div>\n\t<\/div>\n\n\t<div  class=\"wpb_single_image wpb_content_element vc_align_center  vc_custom_1690795169183\">\n\t\t\n\t\t<figure class=\"wpb_wrapper vc_figure\">\n\t\t\t<a href=\"\/rovokopaci-kombinirke\" target=\"_self\" class=\"vc_single_image-wrapper   vc_box_border_grey\"><img loading=\"lazy\" decoding=\"async\" width=\"150\" height=\"150\" src=\"https:\/\/najemstrojev.si\/wp-content\/uploads\/2023\/07\/rovokopa-01-150x150.png\" class=\"vc_single_image-img attachment-thumbnail\" alt=\"\" srcset=\"https:\/\/najemstrojev.si\/wp-content\/uploads\/2023\/07\/rovokopa-01-150x150.png 150w, https:\/\/najemstrojev.si\/wp-content\/uploads\/2023\/07\/rovokopa-01-85x85.png 85w, https:\/\/najemstrojev.si\/wp-content\/uploads\/2023\/07\/rovokopa-01-80x80.png 80w\" sizes=\"auto, (max-width: 150px) 100vw, 150px\" \/><\/a>\n\t\t<\/figure>\n\t<\/div>\n<\/div><\/div><\/div><\/div><\/div><\/div><\/div><\/div><div class=\"vc_row-full-width vc_clearfix\"><\/div>\n","protected":false},"excerpt":{"rendered":"Seznam strojev Pregled ostalih strojev BAGRI VALJARI DEMPERJI DVI\u017dNE PLO\u0160\u010cADI TEL. VILI\u010cAR ROVOKOPA\u010cI","protected":false},"author":1,"featured_media":0,"parent":0,"menu_order":0,"comment_status":"closed","ping_status":"closed","template":"","meta":{"footnotes":""},"class_list":["post-323","page","type-page","status-publish","hentry"],"_links":{"self":[{"href":"https:\/\/najemstrojev.si\/sl\/wp-json\/wp\/v2\/pages\/323","targetHints":{"allow":["GET"]}}],"collection":[{"href":"https:\/\/najemstrojev.si\/sl\/wp-json\/wp\/v2\/pages"}],"about":[{"href":"https:\/\/najemstrojev.si\/sl\/wp-json\/wp\/v2\/types\/page"}],"author":[{"embeddable":true,"href":"https:\/\/najemstrojev.si\/sl\/wp-json\/wp\/v2\/users\/1"}],"replies":[{"embeddable":true,"href":"https:\/\/najemstrojev.si\/sl\/wp-json\/wp\/v2\/comments?post=323"}],"version-history":[{"count":13,"href":"https:\/\/najemstrojev.si\/sl\/wp-json\/wp\/v2\/pages\/323\/revisions"}],"predecessor-version":[{"id":1576,"href":"https:\/\/najemstrojev.si\/sl\/wp-json\/wp\/v2\/pages\/323\/revisions\/1576"}],"wp:attachment":[{"href":"https:\/\/najemstrojev.si\/sl\/wp-json\/wp\/v2\/media?parent=323"}],"curies":[{"name":"wp","href":"https:\/\/api.w.org\/{rel}","templated":true}]}}