{"id":327,"date":"2020-04-06T19:44:15","date_gmt":"2020-04-06T19:44:15","guid":{"rendered":"http:\/\/najemstrojev.si\/?page_id=327"},"modified":"2025-07-16T06:44:46","modified_gmt":"2025-07-16T06:44:46","slug":"o-podjetju","status":"publish","type":"page","link":"https:\/\/najemstrojev.si\/sl\/o-podjetju\/","title":{"rendered":"O podjetju"},"content":{"rendered":"<div data-vc-full-width=\"true\" data-vc-full-width-init=\"false\" data-vc-stretch-content=\"true\" class=\"vc_row wpb_row vc_row-fluid vc_custom_1587143957307 vc_row-has-fill vc_row-no-padding\"><div class=\"wpb_column vc_column_container vc_col-sm-12 vc_col-has-fill\"><div class=\"vc_column-inner vc_custom_1587143972150\"><div class=\"wpb_wrapper\"><\/div><\/div><\/div><\/div><div class=\"vc_row-full-width vc_clearfix\"><\/div><div class=\"vc_row wpb_row vc_row-fluid\"><div class=\"wpb_column vc_column_container vc_col-sm-12\"><div class=\"vc_column-inner\"><div class=\"wpb_wrapper\">\n\t<div class=\"wpb_text_column wpb_content_element \" >\n\t\t<div class=\"wpb_wrapper\">\n\t\t\t<div dir=\"ltr\">\n<p><strong><span style=\"font-size: 12pt;\"><span style=\"color: #000000;\">Spo\u0161tovane stranke, poslovni partnerji ter bodo\u010di kupci,<\/span><span style=\"color: #000000;\">\u00a0<\/span><\/span><\/strong><\/p>\n<p><span style=\"color: #000000;\">podjetje Fi\u0161 d.o.o., je vse od leta 2002 zanesljiv partner pri prodaji rabljenih tovornih in dostavnih vozil ter pri prodaji \/ najemu gradbenih strojev.<\/span><\/p>\n<p><span style=\"color: #000000;\">Vr\u0161imo prodajo kupcem v ve\u010d kot 87 dr\u017eav po celem svetu, tako da pri prodaji tovornih vozil ter pri prodaji gradbene mehanizacije. Smo podjetje s tradicijo, s strokovno izobra\u017eenim in usposobljenim kadrom ki nenehno sledi evropskim standardom in tendencam, kar potrjujejo tudi na\u0161i zadovoljni kupci in poslovni partnerji po celem svetu. <\/span><\/p>\n<p><span style=\"color: #000000;\">Najem gradbenih strojev pokrivamo po celotni Sloveniji.<\/span><\/p>\n<\/div>\n<div><span style=\"color: #000000;\">Vljudno vabljeni, da nas obi\u0161\u010dete v na\u0161ih prostorih, kjer vam bomo z veseljem svetovali in vam pomagali, da boste lahko \u010dim bolje uresni\u010dili svoje \u017eelje in potrebe.<\/span><span style=\"color: #000000;\">\u00a0<\/span><\/div>\n<p><iframe loading=\"lazy\" title=\"FI\u0160 | COMPANY PRESENTATION\" width=\"1220\" height=\"686\" src=\"https:\/\/www.youtube.com\/embed\/04bhhiRgjog?start=25&#038;feature=oembed\" frameborder=\"0\" allow=\"accelerometer; autoplay; clipboard-write; encrypted-media; gyroscope; picture-in-picture; web-share\" referrerpolicy=\"strict-origin-when-cross-origin\" allowfullscreen><\/iframe><\/p>\n\n\t\t<\/div>\n\t<\/div>\n<\/div><\/div><\/div><\/div><div data-vc-full-width=\"true\" data-vc-full-width-init=\"false\" class=\"vc_row wpb_row vc_row-fluid item-maschine-bg vc_custom_1587299987082 vc_row-has-fill\"><div class=\"wpb_column vc_column_container vc_col-sm-12 vc_col-has-fill\"><div class=\"vc_column-inner vc_custom_1587220950859\"><div class=\"wpb_wrapper\">\n\t<div class=\"wpb_text_column wpb_content_element \" >\n\t\t<div class=\"wpb_wrapper\">\n\t\t\t<h3 class=\"title\" style=\"text-align: center;\">Pregled ostalih strojev<\/h3>\n\n\t\t<\/div>\n\t<\/div>\n<div class=\"vc_row wpb_row vc_inner vc_row-fluid\"><div class=\"item-maschine wpb_column vc_column_container vc_col-sm-2\"><div class=\"vc_column-inner\"><div class=\"wpb_wrapper\">\n\t<div class=\"wpb_text_column wpb_content_element  vc_custom_1587299655363 title\" >\n\t\t<div class=\"wpb_wrapper\">\n\t\t\t<p style=\"text-align: center;\"><a href=\"\/bagri\"><strong><span style=\"font-family: Oswald; font-size: 14pt;\">BAGRI<\/span><\/strong><\/a><\/p>\n\n\t\t<\/div>\n\t<\/div>\n\n\t<div  class=\"wpb_single_image wpb_content_element vc_align_center  vc_custom_1587224072829\">\n\t\t\n\t\t<figure class=\"wpb_wrapper vc_figure\">\n\t\t\t<a href=\"\/bagri\" target=\"_self\" class=\"vc_single_image-wrapper   vc_box_border_grey\"><img loading=\"lazy\" decoding=\"async\" width=\"150\" height=\"150\" src=\"https:\/\/najemstrojev.si\/wp-content\/uploads\/2020\/04\/bager-150x150.png\" class=\"vc_single_image-img attachment-thumbnail\" alt=\"bager\" srcset=\"https:\/\/najemstrojev.si\/wp-content\/uploads\/2020\/04\/bager-150x150.png 150w, https:\/\/najemstrojev.si\/wp-content\/uploads\/2020\/04\/bager-300x300.png 300w, https:\/\/najemstrojev.si\/wp-content\/uploads\/2020\/04\/bager-768x768.png 768w, https:\/\/najemstrojev.si\/wp-content\/uploads\/2020\/04\/bager-12x12.png 12w, https:\/\/najemstrojev.si\/wp-content\/uploads\/2020\/04\/bager-146x146.png 146w, https:\/\/najemstrojev.si\/wp-content\/uploads\/2020\/04\/bager-50x50.png 50w, https:\/\/najemstrojev.si\/wp-content\/uploads\/2020\/04\/bager-75x75.png 75w, https:\/\/najemstrojev.si\/wp-content\/uploads\/2020\/04\/bager-85x85.png 85w, https:\/\/najemstrojev.si\/wp-content\/uploads\/2020\/04\/bager-80x80.png 80w, https:\/\/najemstrojev.si\/wp-content\/uploads\/2020\/04\/bager.png 800w\" sizes=\"auto, (max-width: 150px) 100vw, 150px\" \/><\/a>\n\t\t<\/figure>\n\t<\/div>\n<\/div><\/div><\/div><div class=\"item-maschine wpb_column vc_column_container vc_col-sm-2\"><div class=\"vc_column-inner\"><div class=\"wpb_wrapper\">\n\t<div class=\"wpb_text_column wpb_content_element  vc_custom_1589264652138 title\" >\n\t\t<div class=\"wpb_wrapper\">\n\t\t\t<p style=\"text-align: center;\"><a href=\"\/valjarji\"><strong><span style=\"font-family: Oswald; font-size: 14pt;\">VALJARJI<\/span><\/strong><\/a><\/p>\n\n\t\t<\/div>\n\t<\/div>\n\n\t<div  class=\"wpb_single_image wpb_content_element vc_align_center  vc_custom_1587224102588\">\n\t\t\n\t\t<figure class=\"wpb_wrapper vc_figure\">\n\t\t\t<a href=\"\/valjarji\" target=\"_self\" class=\"vc_single_image-wrapper   vc_box_border_grey\"><img loading=\"lazy\" decoding=\"async\" width=\"150\" height=\"150\" src=\"https:\/\/najemstrojev.si\/wp-content\/uploads\/2020\/04\/valjar-150x150.png\" class=\"vc_single_image-img attachment-thumbnail\" alt=\"valjar\" srcset=\"https:\/\/najemstrojev.si\/wp-content\/uploads\/2020\/04\/valjar-150x150.png 150w, https:\/\/najemstrojev.si\/wp-content\/uploads\/2020\/04\/valjar-300x300.png 300w, https:\/\/najemstrojev.si\/wp-content\/uploads\/2020\/04\/valjar-768x768.png 768w, https:\/\/najemstrojev.si\/wp-content\/uploads\/2020\/04\/valjar-12x12.png 12w, https:\/\/najemstrojev.si\/wp-content\/uploads\/2020\/04\/valjar-146x146.png 146w, https:\/\/najemstrojev.si\/wp-content\/uploads\/2020\/04\/valjar-50x50.png 50w, https:\/\/najemstrojev.si\/wp-content\/uploads\/2020\/04\/valjar-75x75.png 75w, https:\/\/najemstrojev.si\/wp-content\/uploads\/2020\/04\/valjar-85x85.png 85w, https:\/\/najemstrojev.si\/wp-content\/uploads\/2020\/04\/valjar-80x80.png 80w, https:\/\/najemstrojev.si\/wp-content\/uploads\/2020\/04\/valjar.png 800w\" sizes=\"auto, (max-width: 150px) 100vw, 150px\" \/><\/a>\n\t\t<\/figure>\n\t<\/div>\n<\/div><\/div><\/div><div class=\"item-maschine wpb_column vc_column_container vc_col-sm-2\"><div class=\"vc_column-inner\"><div class=\"wpb_wrapper\">\n\t<div class=\"wpb_text_column wpb_content_element  vc_custom_1587299710558 title\" >\n\t\t<div class=\"wpb_wrapper\">\n\t\t\t<p style=\"text-align: center;\"><a href=\"\/demperji\"><strong><span style=\"font-family: Oswald; font-size: 14pt;\">DEMPER<\/span><\/strong><\/a><\/p>\n\n\t\t<\/div>\n\t<\/div>\n\n\t<div  class=\"wpb_single_image wpb_content_element vc_align_center  vc_custom_1587224137407\">\n\t\t\n\t\t<figure class=\"wpb_wrapper vc_figure\">\n\t\t\t<a href=\"\/demperji\" target=\"_self\" class=\"vc_single_image-wrapper   vc_box_border_grey\"><img loading=\"lazy\" decoding=\"async\" width=\"150\" height=\"150\" src=\"https:\/\/najemstrojev.si\/wp-content\/uploads\/2020\/04\/demper-150x150.png\" class=\"vc_single_image-img attachment-thumbnail\" alt=\"demper\" srcset=\"https:\/\/najemstrojev.si\/wp-content\/uploads\/2020\/04\/demper-150x150.png 150w, https:\/\/najemstrojev.si\/wp-content\/uploads\/2020\/04\/demper-300x300.png 300w, https:\/\/najemstrojev.si\/wp-content\/uploads\/2020\/04\/demper-768x768.png 768w, https:\/\/najemstrojev.si\/wp-content\/uploads\/2020\/04\/demper-12x12.png 12w, https:\/\/najemstrojev.si\/wp-content\/uploads\/2020\/04\/demper-146x146.png 146w, https:\/\/najemstrojev.si\/wp-content\/uploads\/2020\/04\/demper-50x50.png 50w, https:\/\/najemstrojev.si\/wp-content\/uploads\/2020\/04\/demper-75x75.png 75w, https:\/\/najemstrojev.si\/wp-content\/uploads\/2020\/04\/demper-85x85.png 85w, https:\/\/najemstrojev.si\/wp-content\/uploads\/2020\/04\/demper-80x80.png 80w, https:\/\/najemstrojev.si\/wp-content\/uploads\/2020\/04\/demper.png 800w\" sizes=\"auto, (max-width: 150px) 100vw, 150px\" \/><\/a>\n\t\t<\/figure>\n\t<\/div>\n<\/div><\/div><\/div><div class=\"item-maschine wpb_column vc_column_container vc_col-sm-2\"><div class=\"vc_column-inner\"><div class=\"wpb_wrapper\">\n\t<div class=\"wpb_text_column wpb_content_element  vc_custom_1587299726280 title\" >\n\t\t<div class=\"wpb_wrapper\">\n\t\t\t<p style=\"text-align: center;\"><a href=\"\/dvizne-ploscadi\"><strong><span style=\"font-family: Oswald; font-size: 14pt;\">DVI\u017dNE PLO\u0160\u010cADI<\/span><\/strong><\/a><\/p>\n\n\t\t<\/div>\n\t<\/div>\n\n\t<div  class=\"wpb_single_image wpb_content_element vc_align_center  vc_custom_1589312550387\">\n\t\t\n\t\t<figure class=\"wpb_wrapper vc_figure\">\n\t\t\t<a href=\"\/dvizne-ploscadi\" target=\"_self\" class=\"vc_single_image-wrapper   vc_box_border_grey\"><img loading=\"lazy\" decoding=\"async\" width=\"150\" height=\"150\" src=\"https:\/\/najemstrojev.si\/wp-content\/uploads\/2020\/05\/dvizna-ploscad-150x150.png\" class=\"vc_single_image-img attachment-thumbnail\" alt=\"dvi\u017ena plo\u0161\u010dad\" srcset=\"https:\/\/najemstrojev.si\/wp-content\/uploads\/2020\/05\/dvizna-ploscad-150x150.png 150w, https:\/\/najemstrojev.si\/wp-content\/uploads\/2020\/05\/dvizna-ploscad-300x300.png 300w, https:\/\/najemstrojev.si\/wp-content\/uploads\/2020\/05\/dvizna-ploscad-768x768.png 768w, https:\/\/najemstrojev.si\/wp-content\/uploads\/2020\/05\/dvizna-ploscad-12x12.png 12w, https:\/\/najemstrojev.si\/wp-content\/uploads\/2020\/05\/dvizna-ploscad-146x146.png 146w, https:\/\/najemstrojev.si\/wp-content\/uploads\/2020\/05\/dvizna-ploscad-50x50.png 50w, https:\/\/najemstrojev.si\/wp-content\/uploads\/2020\/05\/dvizna-ploscad-75x75.png 75w, https:\/\/najemstrojev.si\/wp-content\/uploads\/2020\/05\/dvizna-ploscad-85x85.png 85w, https:\/\/najemstrojev.si\/wp-content\/uploads\/2020\/05\/dvizna-ploscad-80x80.png 80w, https:\/\/najemstrojev.si\/wp-content\/uploads\/2020\/05\/dvizna-ploscad.png 800w\" sizes=\"auto, (max-width: 150px) 100vw, 150px\" \/><\/a>\n\t\t<\/figure>\n\t<\/div>\n<\/div><\/div><\/div><div class=\"item-maschine wpb_column vc_column_container vc_col-sm-2\"><div class=\"vc_column-inner\"><div class=\"wpb_wrapper\">\n\t<div class=\"wpb_text_column wpb_content_element  vc_custom_1752648008582 title\" >\n\t\t<div class=\"wpb_wrapper\">\n\t\t\t<p style=\"text-align: center;\"><a href=\"\/tel-vilicar\"><strong><span style=\"font-family: Oswald; font-size: 14pt;\">TEL. VILI\u010cAR<\/span><\/strong><\/a><\/p>\n\n\t\t<\/div>\n\t<\/div>\n\n\t<div  class=\"wpb_single_image wpb_content_element vc_align_center  vc_custom_1651746305455\">\n\t\t\n\t\t<figure class=\"wpb_wrapper vc_figure\">\n\t\t\t<a href=\"\/tel-vilicar\" target=\"_self\" class=\"vc_single_image-wrapper   vc_box_border_grey\"><img loading=\"lazy\" decoding=\"async\" width=\"150\" height=\"150\" src=\"https:\/\/najemstrojev.si\/wp-content\/uploads\/2022\/05\/teleskopski-vilicar-150x150.png\" class=\"vc_single_image-img attachment-thumbnail\" alt=\"teleskopski vili\u010dar\" srcset=\"https:\/\/najemstrojev.si\/wp-content\/uploads\/2022\/05\/teleskopski-vilicar-150x150.png 150w, https:\/\/najemstrojev.si\/wp-content\/uploads\/2022\/05\/teleskopski-vilicar-300x300.png 300w, https:\/\/najemstrojev.si\/wp-content\/uploads\/2022\/05\/teleskopski-vilicar-1024x1024.png 1024w, https:\/\/najemstrojev.si\/wp-content\/uploads\/2022\/05\/teleskopski-vilicar-768x768.png 768w, https:\/\/najemstrojev.si\/wp-content\/uploads\/2022\/05\/teleskopski-vilicar-1536x1536.png 1536w, https:\/\/najemstrojev.si\/wp-content\/uploads\/2022\/05\/teleskopski-vilicar-2048x2048.png 2048w, https:\/\/najemstrojev.si\/wp-content\/uploads\/2022\/05\/teleskopski-vilicar-12x12.png 12w, https:\/\/najemstrojev.si\/wp-content\/uploads\/2022\/05\/teleskopski-vilicar-146x146.png 146w, https:\/\/najemstrojev.si\/wp-content\/uploads\/2022\/05\/teleskopski-vilicar-50x50.png 50w, https:\/\/najemstrojev.si\/wp-content\/uploads\/2022\/05\/teleskopski-vilicar-75x75.png 75w, https:\/\/najemstrojev.si\/wp-content\/uploads\/2022\/05\/teleskopski-vilicar-85x85.png 85w, https:\/\/najemstrojev.si\/wp-content\/uploads\/2022\/05\/teleskopski-vilicar-80x80.png 80w\" sizes=\"auto, (max-width: 150px) 100vw, 150px\" \/><\/a>\n\t\t<\/figure>\n\t<\/div>\n<\/div><\/div><\/div><div class=\"item-maschine wpb_column vc_column_container vc_col-sm-2\"><div class=\"vc_column-inner\"><div class=\"wpb_wrapper\">\n\t<div class=\"wpb_text_column wpb_content_element  vc_custom_1752648036917 title\" >\n\t\t<div class=\"wpb_wrapper\">\n\t\t\t<p style=\"text-align: center;\"><span style=\"color: #333333;\"><strong><a style=\"color: #333333;\" href=\"https:\/\/najemstrojev.si\/sl\/nakladaci\/\"><span style=\"font-family: Oswald; font-size: 14pt;\">NAKLADA\u010cI<\/span><\/a><\/strong><\/span><\/p>\n\n\t\t<\/div>\n\t<\/div>\n\n\t<div  class=\"wpb_single_image wpb_content_element vc_align_center  vc_custom_1752648284069\">\n\t\t\n\t\t<figure class=\"wpb_wrapper vc_figure\">\n\t\t\t<a href=\"http:\/\/najemstrojev.si\/sl\/nakladaci\/\" target=\"_self\" class=\"vc_single_image-wrapper   vc_box_border_grey\"><img loading=\"lazy\" decoding=\"async\" width=\"124\" height=\"124\" src=\"https:\/\/najemstrojev.si\/wp-content\/uploads\/2023\/11\/nakladac.png\" class=\"vc_single_image-img attachment-thumbnail\" alt=\"naklada\u010d\" srcset=\"https:\/\/najemstrojev.si\/wp-content\/uploads\/2023\/11\/nakladac.png 124w, https:\/\/najemstrojev.si\/wp-content\/uploads\/2023\/11\/nakladac-12x12.png 12w, https:\/\/najemstrojev.si\/wp-content\/uploads\/2023\/11\/nakladac-50x50.png 50w, https:\/\/najemstrojev.si\/wp-content\/uploads\/2023\/11\/nakladac-75x75.png 75w, https:\/\/najemstrojev.si\/wp-content\/uploads\/2023\/11\/nakladac-85x85.png 85w, https:\/\/najemstrojev.si\/wp-content\/uploads\/2023\/11\/nakladac-80x80.png 80w\" sizes=\"auto, (max-width: 124px) 100vw, 124px\" \/><\/a>\n\t\t<\/figure>\n\t<\/div>\n<\/div><\/div><\/div><\/div><\/div><\/div><\/div><\/div><div class=\"vc_row-full-width vc_clearfix\"><\/div>\n","protected":false},"excerpt":{"rendered":"Spo\u0161tovane stranke, poslovni partnerji ter bodo\u010di kupci,\u00a0 podjetje Fi\u0161 d.o.o., je vse od leta 2002 zanesljiv partner pri prodaji rabljenih tovornih in dostavnih vozil ter pri<span class=\"excerpt-hellip\"> [\u2026]<\/span>","protected":false},"author":1,"featured_media":0,"parent":0,"menu_order":0,"comment_status":"closed","ping_status":"closed","template":"","meta":{"footnotes":""},"class_list":["post-327","page","type-page","status-publish","hentry"],"_links":{"self":[{"href":"https:\/\/najemstrojev.si\/sl\/wp-json\/wp\/v2\/pages\/327","targetHints":{"allow":["GET"]}}],"collection":[{"href":"https:\/\/najemstrojev.si\/sl\/wp-json\/wp\/v2\/pages"}],"about":[{"href":"https:\/\/najemstrojev.si\/sl\/wp-json\/wp\/v2\/types\/page"}],"author":[{"embeddable":true,"href":"https:\/\/najemstrojev.si\/sl\/wp-json\/wp\/v2\/users\/1"}],"replies":[{"embeddable":true,"href":"https:\/\/najemstrojev.si\/sl\/wp-json\/wp\/v2\/comments?post=327"}],"version-history":[{"count":55,"href":"https:\/\/najemstrojev.si\/sl\/wp-json\/wp\/v2\/pages\/327\/revisions"}],"predecessor-version":[{"id":2036,"href":"https:\/\/najemstrojev.si\/sl\/wp-json\/wp\/v2\/pages\/327\/revisions\/2036"}],"wp:attachment":[{"href":"https:\/\/najemstrojev.si\/sl\/wp-json\/wp\/v2\/media?parent=327"}],"curies":[{"name":"wp","href":"https:\/\/api.w.org\/{rel}","templated":true}]}}