{"id":331,"date":"2020-04-06T19:44:43","date_gmt":"2020-04-06T19:44:43","guid":{"rendered":"http:\/\/najemstrojev.si\/?page_id=331"},"modified":"2025-10-22T17:16:26","modified_gmt":"2025-10-22T17:16:26","slug":"kontakt","status":"publish","type":"page","link":"https:\/\/najemstrojev.si\/sl\/kontakt\/","title":{"rendered":"Kontakt"},"content":{"rendered":"<div data-vc-full-width=\"true\" data-vc-full-width-init=\"false\" data-vc-stretch-content=\"true\" class=\"vc_row wpb_row vc_row-fluid vc_custom_1587143957307 vc_row-has-fill vc_row-no-padding\"><div class=\"wpb_column vc_column_container vc_col-sm-12 vc_col-has-fill\"><div class=\"vc_column-inner vc_custom_1587143972150\"><div class=\"wpb_wrapper\"><\/div><\/div><\/div><\/div><div class=\"vc_row-full-width vc_clearfix\"><\/div><div class=\"vc_row wpb_row vc_row-fluid\"><div class=\"wpb_column vc_column_container vc_col-sm-6\"><div class=\"vc_column-inner\"><div class=\"wpb_wrapper\">\n<div class=\"wpcf7 no-js\" id=\"wpcf7-f288-o1\" lang=\"en-US\" dir=\"ltr\" data-wpcf7-id=\"288\">\n<div class=\"screen-reader-response\"><p role=\"status\" aria-live=\"polite\" aria-atomic=\"true\"><\/p> <ul><\/ul><\/div>\n<form action=\"\/sl\/wp-json\/wp\/v2\/pages\/331#wpcf7-f288-o1\" method=\"post\" class=\"wpcf7-form init\" aria-label=\"Contact form\" novalidate=\"novalidate\" data-status=\"init\">\n<fieldset class=\"hidden-fields-container\"><input type=\"hidden\" name=\"_wpcf7\" value=\"288\" \/><input type=\"hidden\" name=\"_wpcf7_version\" value=\"6.1.5\" \/><input type=\"hidden\" name=\"_wpcf7_locale\" value=\"en_US\" \/><input type=\"hidden\" name=\"_wpcf7_unit_tag\" value=\"wpcf7-f288-o1\" \/><input type=\"hidden\" name=\"_wpcf7_container_post\" value=\"0\" \/><input type=\"hidden\" name=\"_wpcf7_posted_data_hash\" value=\"\" \/><input type=\"hidden\" name=\"_wpcf7_recaptcha_response\" value=\"\" \/>\n<\/fieldset>\n<p><label> Ime in priimek (obvezno)<br \/>\n<span class=\"wpcf7-form-control-wrap\" data-name=\"your-name\"><input size=\"40\" maxlength=\"400\" class=\"wpcf7-form-control wpcf7-text wpcf7-validates-as-required\" aria-required=\"true\" aria-invalid=\"false\" value=\"\" type=\"text\" name=\"your-name\" \/><\/span> <\/label>\n<\/p>\n<p><label> Podjetje (obvezno)<br \/>\n<span class=\"wpcf7-form-control-wrap\" data-name=\"your-name\"><input size=\"40\" maxlength=\"400\" class=\"wpcf7-form-control wpcf7-text wpcf7-validates-as-required\" aria-required=\"true\" aria-invalid=\"false\" value=\"\" type=\"text\" name=\"your-name\" \/><\/span> <\/label>\n<\/p>\n<p><label> Email(obvezno)<br \/>\n<span class=\"wpcf7-form-control-wrap\" data-name=\"your-email\"><input size=\"40\" maxlength=\"400\" class=\"wpcf7-form-control wpcf7-email wpcf7-validates-as-required wpcf7-text wpcf7-validates-as-email\" aria-required=\"true\" aria-invalid=\"false\" value=\"\" type=\"email\" name=\"your-email\" \/><\/span> <\/label>\n<\/p>\n<p><label> Telefonska \u0161tevilka<br \/>\n<span class=\"wpcf7-form-control-wrap\" data-name=\"your-phone\"><input size=\"40\" maxlength=\"400\" class=\"wpcf7-form-control wpcf7-tel wpcf7-validates-as-required wpcf7-text wpcf7-validates-as-tel\" aria-required=\"true\" aria-invalid=\"false\" value=\"\" type=\"tel\" name=\"your-phone\" \/><\/span> <\/label>\n<\/p>\n<p><label> Sporo\u010dilo<br \/>\n<span class=\"wpcf7-form-control-wrap\" data-name=\"your-message\"><textarea cols=\"40\" rows=\"10\" maxlength=\"2000\" class=\"wpcf7-form-control wpcf7-textarea wpcf7-validates-as-required\" aria-required=\"true\" aria-invalid=\"false\" name=\"your-message\"><\/textarea><\/span> <\/label>\n<\/p>\n<p><input class=\"wpcf7-form-control wpcf7-submit has-spinner\" type=\"submit\" value=\"Po\u0161lji\" \/>\n<\/p><div class=\"wpcf7-response-output\" aria-hidden=\"true\"><\/div>\n<\/form>\n<\/div>\n<\/div><\/div><\/div><div class=\"wpb_column vc_column_container vc_col-sm-6\"><div class=\"vc_column-inner\"><div class=\"wpb_wrapper\">\n\t<div class=\"wpb_text_column wpb_content_element \" >\n\t\t<div class=\"wpb_wrapper\">\n\t\t\t<p><span style=\"font-size: 14pt;\"><strong>Fi\u0161 d.o.o.<\/strong><\/span><br \/>\n<span style=\"font-size: 14pt;\">\u0160entrupert 6<\/span><br \/>\n<span style=\"font-size: 14pt;\">SI-3303 Gomilsko<\/span><br \/>\n<span style=\"font-size: 14pt;\">G:070111777<\/span><br \/>\n<span style=\"font-size: 14pt;\">E:\u00a0<a style=\"color: #565656;\" href=\"mailto:najem@fis.si\">najem@fis.si<\/a><\/span><br \/>\n<span style=\"font-size: 14pt;\">ID za DDV: SI41264096<\/span><\/p>\n\n\t\t<\/div>\n\t<\/div>\n\n\t<div  class=\"wpb_single_image wpb_content_element vc_align_left\">\n\t\t\n\t\t<figure class=\"wpb_wrapper vc_figure\">\n\t\t\t<div class=\"vc_single_image-wrapper   vc_box_border_grey\"><img loading=\"lazy\" decoding=\"async\" width=\"1024\" height=\"576\" src=\"https:\/\/najemstrojev.si\/wp-content\/uploads\/2020\/04\/najem-strojev-fis-1024x576.jpg\" class=\"vc_single_image-img attachment-large\" alt=\"najem strojev Fi\u0161\" srcset=\"https:\/\/najemstrojev.si\/wp-content\/uploads\/2020\/04\/najem-strojev-fis-1024x576.jpg 1024w, https:\/\/najemstrojev.si\/wp-content\/uploads\/2020\/04\/najem-strojev-fis-300x169.jpg 300w, https:\/\/najemstrojev.si\/wp-content\/uploads\/2020\/04\/najem-strojev-fis-768x432.jpg 768w, https:\/\/najemstrojev.si\/wp-content\/uploads\/2020\/04\/najem-strojev-fis-1536x864.jpg 1536w, https:\/\/najemstrojev.si\/wp-content\/uploads\/2020\/04\/najem-strojev-fis-18x10.jpg 18w, https:\/\/najemstrojev.si\/wp-content\/uploads\/2020\/04\/najem-strojev-fis-260x146.jpg 260w, https:\/\/najemstrojev.si\/wp-content\/uploads\/2020\/04\/najem-strojev-fis-50x28.jpg 50w, https:\/\/najemstrojev.si\/wp-content\/uploads\/2020\/04\/najem-strojev-fis-133x75.jpg 133w, https:\/\/najemstrojev.si\/wp-content\/uploads\/2020\/04\/najem-strojev-fis-1200x675.jpg 1200w, https:\/\/najemstrojev.si\/wp-content\/uploads\/2020\/04\/najem-strojev-fis.jpg 1579w\" sizes=\"auto, (max-width: 1024px) 100vw, 1024px\" \/><\/div>\n\t\t<\/figure>\n\t<\/div>\n<\/div><\/div><\/div><\/div><div data-vc-full-width=\"true\" data-vc-full-width-init=\"false\" class=\"vc_row wpb_row vc_row-fluid item-maschine-bg vc_custom_1589367283903 vc_row-has-fill\"><div class=\"wpb_column vc_column_container vc_col-sm-12 vc_col-has-fill\"><div class=\"vc_column-inner vc_custom_1587220950859\"><div class=\"wpb_wrapper\">\n\t<div class=\"wpb_text_column wpb_content_element \" >\n\t\t<div class=\"wpb_wrapper\">\n\t\t\t<h3 class=\"title\" style=\"text-align: center;\">Pregled ostalih strojev<\/h3>\n\n\t\t<\/div>\n\t<\/div>\n<div class=\"vc_row wpb_row vc_inner vc_row-fluid\"><div class=\"item-maschine wpb_column vc_column_container vc_col-sm-2\"><div class=\"vc_column-inner\"><div class=\"wpb_wrapper\">\n\t<div class=\"wpb_text_column wpb_content_element  vc_custom_1587299655363 title\" >\n\t\t<div class=\"wpb_wrapper\">\n\t\t\t<p style=\"text-align: center;\"><a href=\"\/bagri\"><strong><span style=\"font-family: Oswald; font-size: 14pt;\">BAGRI<\/span><\/strong><\/a><\/p>\n\n\t\t<\/div>\n\t<\/div>\n\n\t<div  class=\"wpb_single_image wpb_content_element vc_align_center  vc_custom_1587224072829\">\n\t\t\n\t\t<figure class=\"wpb_wrapper vc_figure\">\n\t\t\t<a href=\"\/bagri\" target=\"_self\" class=\"vc_single_image-wrapper   vc_box_border_grey\"><img loading=\"lazy\" decoding=\"async\" width=\"150\" height=\"150\" src=\"https:\/\/najemstrojev.si\/wp-content\/uploads\/2020\/04\/bager-150x150.png\" class=\"vc_single_image-img attachment-thumbnail\" alt=\"bager\" srcset=\"https:\/\/najemstrojev.si\/wp-content\/uploads\/2020\/04\/bager-150x150.png 150w, https:\/\/najemstrojev.si\/wp-content\/uploads\/2020\/04\/bager-300x300.png 300w, https:\/\/najemstrojev.si\/wp-content\/uploads\/2020\/04\/bager-768x768.png 768w, https:\/\/najemstrojev.si\/wp-content\/uploads\/2020\/04\/bager-12x12.png 12w, https:\/\/najemstrojev.si\/wp-content\/uploads\/2020\/04\/bager-146x146.png 146w, https:\/\/najemstrojev.si\/wp-content\/uploads\/2020\/04\/bager-50x50.png 50w, https:\/\/najemstrojev.si\/wp-content\/uploads\/2020\/04\/bager-75x75.png 75w, https:\/\/najemstrojev.si\/wp-content\/uploads\/2020\/04\/bager-85x85.png 85w, https:\/\/najemstrojev.si\/wp-content\/uploads\/2020\/04\/bager-80x80.png 80w, https:\/\/najemstrojev.si\/wp-content\/uploads\/2020\/04\/bager.png 800w\" sizes=\"auto, (max-width: 150px) 100vw, 150px\" \/><\/a>\n\t\t<\/figure>\n\t<\/div>\n<\/div><\/div><\/div><div class=\"item-maschine wpb_column vc_column_container vc_col-sm-2\"><div class=\"vc_column-inner\"><div class=\"wpb_wrapper\">\n\t<div class=\"wpb_text_column wpb_content_element  vc_custom_1589264603472 title\" >\n\t\t<div class=\"wpb_wrapper\">\n\t\t\t<p style=\"text-align: center;\"><a href=\"\/valjarji\"><strong><span style=\"font-family: Oswald; font-size: 14pt;\">VALJARJI<\/span><\/strong><\/a><\/p>\n\n\t\t<\/div>\n\t<\/div>\n\n\t<div  class=\"wpb_single_image wpb_content_element vc_align_center  vc_custom_1587224102588\">\n\t\t\n\t\t<figure class=\"wpb_wrapper vc_figure\">\n\t\t\t<a href=\"\/valjarji\" target=\"_self\" class=\"vc_single_image-wrapper   vc_box_border_grey\"><img loading=\"lazy\" decoding=\"async\" width=\"150\" height=\"150\" src=\"https:\/\/najemstrojev.si\/wp-content\/uploads\/2020\/04\/valjar-150x150.png\" class=\"vc_single_image-img attachment-thumbnail\" alt=\"valjar\" srcset=\"https:\/\/najemstrojev.si\/wp-content\/uploads\/2020\/04\/valjar-150x150.png 150w, https:\/\/najemstrojev.si\/wp-content\/uploads\/2020\/04\/valjar-300x300.png 300w, https:\/\/najemstrojev.si\/wp-content\/uploads\/2020\/04\/valjar-768x768.png 768w, https:\/\/najemstrojev.si\/wp-content\/uploads\/2020\/04\/valjar-12x12.png 12w, https:\/\/najemstrojev.si\/wp-content\/uploads\/2020\/04\/valjar-146x146.png 146w, https:\/\/najemstrojev.si\/wp-content\/uploads\/2020\/04\/valjar-50x50.png 50w, https:\/\/najemstrojev.si\/wp-content\/uploads\/2020\/04\/valjar-75x75.png 75w, https:\/\/najemstrojev.si\/wp-content\/uploads\/2020\/04\/valjar-85x85.png 85w, https:\/\/najemstrojev.si\/wp-content\/uploads\/2020\/04\/valjar-80x80.png 80w, https:\/\/najemstrojev.si\/wp-content\/uploads\/2020\/04\/valjar.png 800w\" sizes=\"auto, (max-width: 150px) 100vw, 150px\" \/><\/a>\n\t\t<\/figure>\n\t<\/div>\n<\/div><\/div><\/div><div class=\"item-maschine wpb_column vc_column_container vc_col-sm-2\"><div class=\"vc_column-inner\"><div class=\"wpb_wrapper\">\n\t<div class=\"wpb_text_column wpb_content_element  vc_custom_1587299710558 title\" >\n\t\t<div class=\"wpb_wrapper\">\n\t\t\t<p style=\"text-align: center;\"><a href=\"\/demperji\"><strong><span style=\"font-family: Oswald; font-size: 14pt;\">DEMPER<\/span><\/strong><\/a><\/p>\n\n\t\t<\/div>\n\t<\/div>\n\n\t<div  class=\"wpb_single_image wpb_content_element vc_align_center  vc_custom_1587224137407\">\n\t\t\n\t\t<figure class=\"wpb_wrapper vc_figure\">\n\t\t\t<a href=\"\/demperji\" target=\"_self\" class=\"vc_single_image-wrapper   vc_box_border_grey\"><img loading=\"lazy\" decoding=\"async\" width=\"150\" height=\"150\" src=\"https:\/\/najemstrojev.si\/wp-content\/uploads\/2020\/04\/demper-150x150.png\" class=\"vc_single_image-img attachment-thumbnail\" alt=\"demper\" srcset=\"https:\/\/najemstrojev.si\/wp-content\/uploads\/2020\/04\/demper-150x150.png 150w, https:\/\/najemstrojev.si\/wp-content\/uploads\/2020\/04\/demper-300x300.png 300w, https:\/\/najemstrojev.si\/wp-content\/uploads\/2020\/04\/demper-768x768.png 768w, https:\/\/najemstrojev.si\/wp-content\/uploads\/2020\/04\/demper-12x12.png 12w, https:\/\/najemstrojev.si\/wp-content\/uploads\/2020\/04\/demper-146x146.png 146w, https:\/\/najemstrojev.si\/wp-content\/uploads\/2020\/04\/demper-50x50.png 50w, https:\/\/najemstrojev.si\/wp-content\/uploads\/2020\/04\/demper-75x75.png 75w, https:\/\/najemstrojev.si\/wp-content\/uploads\/2020\/04\/demper-85x85.png 85w, https:\/\/najemstrojev.si\/wp-content\/uploads\/2020\/04\/demper-80x80.png 80w, https:\/\/najemstrojev.si\/wp-content\/uploads\/2020\/04\/demper.png 800w\" sizes=\"auto, (max-width: 150px) 100vw, 150px\" \/><\/a>\n\t\t<\/figure>\n\t<\/div>\n<\/div><\/div><\/div><div class=\"item-maschine wpb_column vc_column_container vc_col-sm-2\"><div class=\"vc_column-inner\"><div class=\"wpb_wrapper\">\n\t<div class=\"wpb_text_column wpb_content_element  vc_custom_1587299726280 title\" >\n\t\t<div class=\"wpb_wrapper\">\n\t\t\t<p style=\"text-align: center;\"><a href=\"\/dvizne-ploscadi\"><strong><span style=\"font-family: Oswald; font-size: 14pt;\">DVI\u017dNE PLO\u0160\u010cADI<\/span><\/strong><\/a><\/p>\n\n\t\t<\/div>\n\t<\/div>\n\n\t<div  class=\"wpb_single_image wpb_content_element vc_align_center  vc_custom_1589312462543\">\n\t\t\n\t\t<figure class=\"wpb_wrapper vc_figure\">\n\t\t\t<a href=\"\/dvizne-ploscadi\" target=\"_self\" class=\"vc_single_image-wrapper   vc_box_border_grey\"><img loading=\"lazy\" decoding=\"async\" width=\"150\" height=\"150\" src=\"https:\/\/najemstrojev.si\/wp-content\/uploads\/2020\/05\/dvizna-ploscad-150x150.png\" class=\"vc_single_image-img attachment-thumbnail\" alt=\"dvi\u017ena plo\u0161\u010dad\" srcset=\"https:\/\/najemstrojev.si\/wp-content\/uploads\/2020\/05\/dvizna-ploscad-150x150.png 150w, https:\/\/najemstrojev.si\/wp-content\/uploads\/2020\/05\/dvizna-ploscad-300x300.png 300w, https:\/\/najemstrojev.si\/wp-content\/uploads\/2020\/05\/dvizna-ploscad-768x768.png 768w, https:\/\/najemstrojev.si\/wp-content\/uploads\/2020\/05\/dvizna-ploscad-12x12.png 12w, https:\/\/najemstrojev.si\/wp-content\/uploads\/2020\/05\/dvizna-ploscad-146x146.png 146w, https:\/\/najemstrojev.si\/wp-content\/uploads\/2020\/05\/dvizna-ploscad-50x50.png 50w, https:\/\/najemstrojev.si\/wp-content\/uploads\/2020\/05\/dvizna-ploscad-75x75.png 75w, https:\/\/najemstrojev.si\/wp-content\/uploads\/2020\/05\/dvizna-ploscad-85x85.png 85w, https:\/\/najemstrojev.si\/wp-content\/uploads\/2020\/05\/dvizna-ploscad-80x80.png 80w, https:\/\/najemstrojev.si\/wp-content\/uploads\/2020\/05\/dvizna-ploscad.png 800w\" sizes=\"auto, (max-width: 150px) 100vw, 150px\" \/><\/a>\n\t\t<\/figure>\n\t<\/div>\n<\/div><\/div><\/div><div class=\"item-maschine wpb_column vc_column_container vc_col-sm-2\"><div class=\"vc_column-inner\"><div class=\"wpb_wrapper\">\n\t<div class=\"wpb_text_column wpb_content_element  vc_custom_1651746230381 title\" >\n\t\t<div class=\"wpb_wrapper\">\n\t\t\t<p style=\"text-align: center;\"><a href=\"\/tel-vilicar\"><strong><span style=\"font-family: Oswald; font-size: 14pt;\">TEL. VILI\u010cAR<\/span><\/strong><\/a><\/p>\n\n\t\t<\/div>\n\t<\/div>\n\n\t<div  class=\"wpb_single_image wpb_content_element vc_align_center  vc_custom_1651746244571\">\n\t\t\n\t\t<figure class=\"wpb_wrapper vc_figure\">\n\t\t\t<a href=\"\/tel-vilicar\" target=\"_self\" class=\"vc_single_image-wrapper   vc_box_border_grey\"><img loading=\"lazy\" decoding=\"async\" width=\"150\" height=\"150\" src=\"https:\/\/najemstrojev.si\/wp-content\/uploads\/2022\/05\/teleskopski-vilicar-150x150.png\" class=\"vc_single_image-img attachment-thumbnail\" alt=\"teleskopski vili\u010dar\" srcset=\"https:\/\/najemstrojev.si\/wp-content\/uploads\/2022\/05\/teleskopski-vilicar-150x150.png 150w, https:\/\/najemstrojev.si\/wp-content\/uploads\/2022\/05\/teleskopski-vilicar-300x300.png 300w, https:\/\/najemstrojev.si\/wp-content\/uploads\/2022\/05\/teleskopski-vilicar-1024x1024.png 1024w, https:\/\/najemstrojev.si\/wp-content\/uploads\/2022\/05\/teleskopski-vilicar-768x768.png 768w, https:\/\/najemstrojev.si\/wp-content\/uploads\/2022\/05\/teleskopski-vilicar-1536x1536.png 1536w, https:\/\/najemstrojev.si\/wp-content\/uploads\/2022\/05\/teleskopski-vilicar-2048x2048.png 2048w, https:\/\/najemstrojev.si\/wp-content\/uploads\/2022\/05\/teleskopski-vilicar-12x12.png 12w, https:\/\/najemstrojev.si\/wp-content\/uploads\/2022\/05\/teleskopski-vilicar-146x146.png 146w, https:\/\/najemstrojev.si\/wp-content\/uploads\/2022\/05\/teleskopski-vilicar-50x50.png 50w, https:\/\/najemstrojev.si\/wp-content\/uploads\/2022\/05\/teleskopski-vilicar-75x75.png 75w, https:\/\/najemstrojev.si\/wp-content\/uploads\/2022\/05\/teleskopski-vilicar-85x85.png 85w, https:\/\/najemstrojev.si\/wp-content\/uploads\/2022\/05\/teleskopski-vilicar-80x80.png 80w\" sizes=\"auto, (max-width: 150px) 100vw, 150px\" \/><\/a>\n\t\t<\/figure>\n\t<\/div>\n<\/div><\/div><\/div><\/div><\/div><\/div><\/div><\/div><div class=\"vc_row-full-width vc_clearfix\"><\/div>\n","protected":false},"excerpt":{"rendered":"Ime in priimek (obvezno) Podjetje (obvezno) Email(obvezno) Telefonska \u0161tevilka Sporo\u010dilo Fi\u0161 d.o.o. \u0160entrupert 6 SI-3303 Gomilsko G:070111777 E:\u00a0najem@fis.si ID za DDV: SI41264096 Pregled ostalih strojev BAGRI<span class=\"excerpt-hellip\"> [\u2026]<\/span>","protected":false},"author":1,"featured_media":0,"parent":0,"menu_order":0,"comment_status":"closed","ping_status":"closed","template":"","meta":{"footnotes":""},"class_list":["post-331","page","type-page","status-publish","hentry"],"_links":{"self":[{"href":"https:\/\/najemstrojev.si\/sl\/wp-json\/wp\/v2\/pages\/331","targetHints":{"allow":["GET"]}}],"collection":[{"href":"https:\/\/najemstrojev.si\/sl\/wp-json\/wp\/v2\/pages"}],"about":[{"href":"https:\/\/najemstrojev.si\/sl\/wp-json\/wp\/v2\/types\/page"}],"author":[{"embeddable":true,"href":"https:\/\/najemstrojev.si\/sl\/wp-json\/wp\/v2\/users\/1"}],"replies":[{"embeddable":true,"href":"https:\/\/najemstrojev.si\/sl\/wp-json\/wp\/v2\/comments?post=331"}],"version-history":[{"count":22,"href":"https:\/\/najemstrojev.si\/sl\/wp-json\/wp\/v2\/pages\/331\/revisions"}],"predecessor-version":[{"id":1781,"href":"https:\/\/najemstrojev.si\/sl\/wp-json\/wp\/v2\/pages\/331\/revisions\/1781"}],"wp:attachment":[{"href":"https:\/\/najemstrojev.si\/sl\/wp-json\/wp\/v2\/media?parent=331"}],"curies":[{"name":"wp","href":"https:\/\/api.w.org\/{rel}","templated":true}]}}